{"id":2262,"date":"2023-02-13T02:13:59","date_gmt":"2023-02-13T02:13:59","guid":{"rendered":"http:\/\/bandeiracoin.com.br\/?page_id=2262"},"modified":"2023-03-03T00:47:41","modified_gmt":"2023-03-03T00:47:41","slug":"suporte","status":"publish","type":"page","link":"https:\/\/goglobal.multilevel.network\/angola\/suporte\/","title":{"rendered":"Suporte"},"content":{"rendered":"[vc_row][vc_column][\/vc_column][\/vc_row][vc_row fullwidth=&#8221;true&#8221; fullwidth_content=&#8221;false&#8221;][vc_column][vc_row_inner][vc_column_inner width=&#8221;1\/4&#8243;][\/vc_column_inner][vc_column_inner width=&#8221;1\/2&#8243;][vc_custom_heading text=&#8221;SUPORTE&#8221; font_container=&#8221;tag:h1|font_size:50|text_align:center|color:%2322093d&#8221; google_fonts=&#8221;font_family:Nunito%3A300%2Cregular%2C700|font_style:700%20bold%20regular%3A700%3Anormal&#8221; css_animation=&#8221;bounceInUp&#8221;][vc_single_image image=&#8221;4195&#8243; img_size=&#8221;large&#8221; alignment=&#8221;center&#8221;][vc_custom_heading text=&#8221;Escolha abaixo a melhor forma de entrar em contato conosco&#8221; font_container=&#8221;tag:h2|font_size:40|text_align:center|color:%230fdcfc&#8221; google_fonts=&#8221;font_family:Nunito%3A300%2Cregular%2C700|font_style:700%20bold%20regular%3A700%3Anormal&#8221; css_animation=&#8221;bounceInUp&#8221;][\/vc_column_inner][vc_column_inner width=&#8221;1\/4&#8243;][\/vc_column_inner][\/vc_row_inner][vc_row_inner][vc_column_inner width=&#8221;1\/4&#8243;][\/vc_column_inner][vc_column_inner width=&#8221;1\/2&#8243;][vc_column_text]\n<ul>\n<li><strong><strong><a href=\"https:\/\/goglobal.multilevel.network\/angola\/sac-fale-conosco\/\">SAC | Fale Conosco<br \/>\n<\/a><\/strong><\/strong><\/p>\n<hr \/>\n<\/li>\n<li><strong><a href=\"https:\/\/goglobal.multilevel.network\/angola\/faq-preguntas-frequentes\/\">FAQ | Perguntas Frequentes<\/a><\/strong><br \/>\n<hr \/>\n<\/li>\n<li><strong><a href=\"https:\/\/goglobal.multilevel.network\/angola\/go-global-como-funciona\/\">GO GLOBAL como funciona?<\/a><\/strong><br \/>\n<hr \/>\n<\/li>\n<li><strong><a href=\"https:\/\/goglobal.multilevel.network\/angola\/encontrar-um-consultor-go-global\/\">Encontrar um Consultor GO GLOBAL<\/a><\/strong><br \/>\n<hr \/>\n<\/li>\n<li><strong><a href=\"https:\/\/goglobal.multilevel.network\/angola\/grupos-de-whatsapp\/\">Grupo de WhatsApp por Regi\u00e3o<\/a><\/strong><br \/>\n<hr \/>\n<\/li>\n<\/ul>\n<ul>\n<li><em><strong><a href=\"https:\/\/goglobal.multilevel.network\/angola\/sou-lider\/\">Voc\u00ea \u00e9 um L\u00cdDER? Tem experi\u00eancia com Marketing? Clique aqui!<\/a><\/strong><\/em><br \/>\n<hr \/>\n<\/li>\n<\/ul>\n<p><strong><a href=\"https:\/\/goglobal.multilevel.network\/angola\/\">Voltar \u00e0 p\u00e1gina Inicial<\/a><\/strong>[\/vc_column_text][\/vc_column_inner][vc_column_inner width=&#8221;1\/4&#8243;][\/vc_column_inner][\/vc_row_inner][\/vc_column][\/vc_row][vc_row][vc_column][vc_separator][\/vc_column][\/vc_row]\n","protected":false},"excerpt":{"rendered":"<p>[vc_row][vc_column][\/vc_column][\/vc_row][vc_row fullwidth=&#8221;true&#8221; fullwidth_content=&#8221;false&#8221;][vc_column][vc_row_inner][vc_column_inner width=&#8221;1\/4&#8243;][\/vc_column_inner][vc_column_inner width=&#8221;1\/2&#8243;][vc_custom_heading text=&#8221;SUPORTE&#8221; font_container=&#8221;tag:h1|font_size:50|text_align:center|color:%2322093d&#8221; google_fonts=&#8221;font_family:Nunito%3A300%2Cregular%2C700|font_style:700%20bold%20regular%3A700%3Anormal&#8221; css_animation=&#8221;bounceInUp&#8221;][vc_single_image image=&#8221;4195&#8243; img_size=&#8221;large&#8221; alignment=&#8221;center&#8221;][vc_custom_heading text=&#8221;Escolha abaixo a melhor forma de entrar em contato conosco&#8221; font_container=&#8221;tag:h2|font_size:40|text_align:center|color:%230fdcfc&#8221; google_fonts=&#8221;font_family:Nunito%3A300%2Cregular%2C700|font_style:700%20bold%20regular%3A700%3Anormal&#8221; css_animation=&#8221;bounceInUp&#8221;][\/vc_column_inner][vc_column_inner width=&#8221;1\/4&#8243;][\/vc_column_inner][\/vc_row_inner][vc_row_inner][vc_column_inner width=&#8221;1\/4&#8243;][\/vc_column_inner][vc_column_inner width=&#8221;1\/2&#8243;][vc_column_text] SAC | Fale Conosco FAQ | Perguntas Frequentes GO GLOBAL como funciona? Encontrar um Consultor GO GLOBAL Grupo de WhatsApp por Regi\u00e3o Voc\u00ea \u00e9 um L\u00cdDER? Tem experi\u00eancia com Marketing? Clique aqui! Voltar \u00e0 p\u00e1gina Inicial[\/vc_column_text][\/vc_column_inner][vc_column_inner width=&#8221;1\/4&#8243;][\/vc_column_inner][\/vc_row_inner][\/vc_column][\/vc_row][vc_row][vc_column][vc_separator][\/vc_column][\/vc_row]<\/p>\n","protected":false},"author":1,"featured_media":4196,"parent":0,"menu_order":0,"comment_status":"closed","ping_status":"closed","template":"elementor_header_footer","meta":{"footnotes":""},"tags":[],"class_list":["post-2262","page","type-page","status-publish","has-post-thumbnail","hentry"],"blocksy_meta":{"styles_descriptor":{"styles":{"desktop":"","tablet":"","mobile":""},"google_fonts":[],"version":5}},"yoast_head":"<!-- This site is optimized with the Yoast SEO plugin v27.1.1 - https:\/\/yoast.com\/product\/yoast-seo-wordpress\/ -->\n<title>Suporte - GO GLOBAL | CADASTRO | GOGLOBAL NETWORK | ANGOLA<\/title>\n<meta name=\"description\" content=\"Central de Suporte GO GLOBAL | Angola | Atendimento SAC | Tenha acesso a todos os t\u00f3picos de ajuda para entender melhor sobre a GOGLOBAL\" \/>\n<meta name=\"robots\" content=\"index, follow, max-snippet:-1, max-image-preview:large, max-video-preview:-1\" \/>\n<link rel=\"canonical\" href=\"https:\/\/goglobal.multilevel.network\/angola\/suporte\/\" \/>\n<meta property=\"og:locale\" content=\"pt_PT\" \/>\n<meta property=\"og:type\" content=\"article\" \/>\n<meta property=\"og:title\" content=\"Suporte - GO GLOBAL | CADASTRO | GOGLOBAL NETWORK | ANGOLA\" \/>\n<meta property=\"og:description\" content=\"Central de Suporte GO GLOBAL | Angola | Atendimento SAC | Tenha acesso a todos os t\u00f3picos de ajuda para entender melhor sobre a GOGLOBAL\" \/>\n<meta property=\"og:url\" content=\"https:\/\/goglobal.multilevel.network\/angola\/suporte\/\" \/>\n<meta property=\"og:site_name\" content=\"GO GLOBAL | CADASTRO | GOGLOBAL NETWORK | ANGOLA\" \/>\n<meta property=\"article:modified_time\" content=\"2023-03-03T00:47:41+00:00\" \/>\n<meta property=\"og:image\" content=\"https:\/\/goglobal.multilevel.network\/angola\/wp-content\/uploads\/2023\/02\/PAGE-COVER-SUPPORT-CENTER-GO-GLOBAL-NETWORK.jpg\" \/>\n\t<meta property=\"og:image:width\" content=\"1124\" \/>\n\t<meta property=\"og:image:height\" content=\"1124\" \/>\n\t<meta property=\"og:image:type\" content=\"image\/jpeg\" \/>\n<meta name=\"twitter:card\" content=\"summary_large_image\" \/>\n<meta name=\"twitter:label1\" content=\"Est. tempo de leitura\" \/>\n\t<meta name=\"twitter:data1\" content=\"1 minuto\" \/>\n<script type=\"application\/ld+json\" class=\"yoast-schema-graph\">{\"@context\":\"https:\/\/schema.org\",\"@graph\":[{\"@type\":\"WebPage\",\"@id\":\"https:\/\/goglobal.multilevel.network\/angola\/suporte\/\",\"url\":\"https:\/\/goglobal.multilevel.network\/angola\/suporte\/\",\"name\":\"Suporte - GO GLOBAL | CADASTRO | GOGLOBAL NETWORK | ANGOLA\",\"isPartOf\":{\"@id\":\"https:\/\/goglobal.multilevel.network\/angola\/#website\"},\"primaryImageOfPage\":{\"@id\":\"https:\/\/goglobal.multilevel.network\/angola\/suporte\/#primaryimage\"},\"image\":{\"@id\":\"https:\/\/goglobal.multilevel.network\/angola\/suporte\/#primaryimage\"},\"thumbnailUrl\":\"https:\/\/goglobal.multilevel.network\/angola\/wp-content\/uploads\/2023\/02\/PAGE-COVER-SUPPORT-CENTER-GO-GLOBAL-NETWORK.jpg\",\"datePublished\":\"2023-02-13T02:13:59+00:00\",\"dateModified\":\"2023-03-03T00:47:41+00:00\",\"description\":\"Central de Suporte GO GLOBAL | Angola | Atendimento SAC | Tenha acesso a todos os t\u00f3picos de ajuda para entender melhor sobre a GOGLOBAL\",\"breadcrumb\":{\"@id\":\"https:\/\/goglobal.multilevel.network\/angola\/suporte\/#breadcrumb\"},\"inLanguage\":\"pt-AO\",\"potentialAction\":[{\"@type\":\"ReadAction\",\"target\":[\"https:\/\/goglobal.multilevel.network\/angola\/suporte\/\"]}]},{\"@type\":\"ImageObject\",\"inLanguage\":\"pt-AO\",\"@id\":\"https:\/\/goglobal.multilevel.network\/angola\/suporte\/#primaryimage\",\"url\":\"https:\/\/goglobal.multilevel.network\/angola\/wp-content\/uploads\/2023\/02\/PAGE-COVER-SUPPORT-CENTER-GO-GLOBAL-NETWORK.jpg\",\"contentUrl\":\"https:\/\/goglobal.multilevel.network\/angola\/wp-content\/uploads\/2023\/02\/PAGE-COVER-SUPPORT-CENTER-GO-GLOBAL-NETWORK.jpg\",\"width\":1124,\"height\":1124,\"caption\":\"PAGE COVER SUPPORT CENTER GO GLOBAL NETWORK\"},{\"@type\":\"BreadcrumbList\",\"@id\":\"https:\/\/goglobal.multilevel.network\/angola\/suporte\/#breadcrumb\",\"itemListElement\":[{\"@type\":\"ListItem\",\"position\":1,\"name\":\"Home\",\"item\":\"https:\/\/goglobal.multilevel.network\/angola\/\"},{\"@type\":\"ListItem\",\"position\":2,\"name\":\"Suporte\"}]},{\"@type\":\"WebSite\",\"@id\":\"https:\/\/goglobal.multilevel.network\/angola\/#website\",\"url\":\"https:\/\/goglobal.multilevel.network\/angola\/\",\"name\":\"GO GLOBAL | CADASTRO | GOGLOBAL NETWORK | ANGOLA\",\"description\":\"GO GLOBAL | Cadastro | Angola | Ganhe renda residual com produtos educacionais no modelo de Marketing Multin\u00edvel GOGLOBAL NETWORK\",\"publisher\":{\"@id\":\"https:\/\/goglobal.multilevel.network\/angola\/#organization\"},\"potentialAction\":[{\"@type\":\"SearchAction\",\"target\":{\"@type\":\"EntryPoint\",\"urlTemplate\":\"https:\/\/goglobal.multilevel.network\/angola\/?s={search_term_string}\"},\"query-input\":{\"@type\":\"PropertyValueSpecification\",\"valueRequired\":true,\"valueName\":\"search_term_string\"}}],\"inLanguage\":\"pt-AO\"},{\"@type\":\"Organization\",\"@id\":\"https:\/\/goglobal.multilevel.network\/angola\/#organization\",\"name\":\"GO GLOBAL | CADASTRO | GOGLOBAL NETWORK | ANGOLA\",\"url\":\"https:\/\/goglobal.multilevel.network\/angola\/\",\"logo\":{\"@type\":\"ImageObject\",\"inLanguage\":\"pt-AO\",\"@id\":\"https:\/\/goglobal.multilevel.network\/angola\/#\/schema\/logo\/image\/\",\"url\":\"https:\/\/goglobal.multilevel.network\/angola\/wp-content\/uploads\/2023\/02\/logo-goglobal-multilevel-network-1.png\",\"contentUrl\":\"https:\/\/goglobal.multilevel.network\/angola\/wp-content\/uploads\/2023\/02\/logo-goglobal-multilevel-network-1.png\",\"width\":2700,\"height\":693,\"caption\":\"GO GLOBAL | CADASTRO | GOGLOBAL NETWORK | ANGOLA\"},\"image\":{\"@id\":\"https:\/\/goglobal.multilevel.network\/angola\/#\/schema\/logo\/image\/\"}}]}<\/script>\n<!-- \/ Yoast SEO plugin. -->","yoast_head_json":{"title":"Suporte - GO GLOBAL | CADASTRO | GOGLOBAL NETWORK | ANGOLA","description":"Central de Suporte GO GLOBAL | Angola | Atendimento SAC | Tenha acesso a todos os t\u00f3picos de ajuda para entender melhor sobre a GOGLOBAL","robots":{"index":"index","follow":"follow","max-snippet":"max-snippet:-1","max-image-preview":"max-image-preview:large","max-video-preview":"max-video-preview:-1"},"canonical":"https:\/\/goglobal.multilevel.network\/angola\/suporte\/","og_locale":"pt_PT","og_type":"article","og_title":"Suporte - GO GLOBAL | CADASTRO | GOGLOBAL NETWORK | ANGOLA","og_description":"Central de Suporte GO GLOBAL | Angola | Atendimento SAC | Tenha acesso a todos os t\u00f3picos de ajuda para entender melhor sobre a GOGLOBAL","og_url":"https:\/\/goglobal.multilevel.network\/angola\/suporte\/","og_site_name":"GO GLOBAL | CADASTRO | GOGLOBAL NETWORK | ANGOLA","article_modified_time":"2023-03-03T00:47:41+00:00","og_image":[{"width":1124,"height":1124,"url":"https:\/\/goglobal.multilevel.network\/angola\/wp-content\/uploads\/2023\/02\/PAGE-COVER-SUPPORT-CENTER-GO-GLOBAL-NETWORK.jpg","type":"image\/jpeg"}],"twitter_card":"summary_large_image","twitter_misc":{"Est. tempo de leitura":"1 minuto"},"schema":{"@context":"https:\/\/schema.org","@graph":[{"@type":"WebPage","@id":"https:\/\/goglobal.multilevel.network\/angola\/suporte\/","url":"https:\/\/goglobal.multilevel.network\/angola\/suporte\/","name":"Suporte - GO GLOBAL | CADASTRO | GOGLOBAL NETWORK | ANGOLA","isPartOf":{"@id":"https:\/\/goglobal.multilevel.network\/angola\/#website"},"primaryImageOfPage":{"@id":"https:\/\/goglobal.multilevel.network\/angola\/suporte\/#primaryimage"},"image":{"@id":"https:\/\/goglobal.multilevel.network\/angola\/suporte\/#primaryimage"},"thumbnailUrl":"https:\/\/goglobal.multilevel.network\/angola\/wp-content\/uploads\/2023\/02\/PAGE-COVER-SUPPORT-CENTER-GO-GLOBAL-NETWORK.jpg","datePublished":"2023-02-13T02:13:59+00:00","dateModified":"2023-03-03T00:47:41+00:00","description":"Central de Suporte GO GLOBAL | Angola | Atendimento SAC | Tenha acesso a todos os t\u00f3picos de ajuda para entender melhor sobre a GOGLOBAL","breadcrumb":{"@id":"https:\/\/goglobal.multilevel.network\/angola\/suporte\/#breadcrumb"},"inLanguage":"pt-AO","potentialAction":[{"@type":"ReadAction","target":["https:\/\/goglobal.multilevel.network\/angola\/suporte\/"]}]},{"@type":"ImageObject","inLanguage":"pt-AO","@id":"https:\/\/goglobal.multilevel.network\/angola\/suporte\/#primaryimage","url":"https:\/\/goglobal.multilevel.network\/angola\/wp-content\/uploads\/2023\/02\/PAGE-COVER-SUPPORT-CENTER-GO-GLOBAL-NETWORK.jpg","contentUrl":"https:\/\/goglobal.multilevel.network\/angola\/wp-content\/uploads\/2023\/02\/PAGE-COVER-SUPPORT-CENTER-GO-GLOBAL-NETWORK.jpg","width":1124,"height":1124,"caption":"PAGE COVER SUPPORT CENTER GO GLOBAL NETWORK"},{"@type":"BreadcrumbList","@id":"https:\/\/goglobal.multilevel.network\/angola\/suporte\/#breadcrumb","itemListElement":[{"@type":"ListItem","position":1,"name":"Home","item":"https:\/\/goglobal.multilevel.network\/angola\/"},{"@type":"ListItem","position":2,"name":"Suporte"}]},{"@type":"WebSite","@id":"https:\/\/goglobal.multilevel.network\/angola\/#website","url":"https:\/\/goglobal.multilevel.network\/angola\/","name":"GO GLOBAL | CADASTRO | GOGLOBAL NETWORK | ANGOLA","description":"GO GLOBAL | Cadastro | Angola | Ganhe renda residual com produtos educacionais no modelo de Marketing Multin\u00edvel GOGLOBAL NETWORK","publisher":{"@id":"https:\/\/goglobal.multilevel.network\/angola\/#organization"},"potentialAction":[{"@type":"SearchAction","target":{"@type":"EntryPoint","urlTemplate":"https:\/\/goglobal.multilevel.network\/angola\/?s={search_term_string}"},"query-input":{"@type":"PropertyValueSpecification","valueRequired":true,"valueName":"search_term_string"}}],"inLanguage":"pt-AO"},{"@type":"Organization","@id":"https:\/\/goglobal.multilevel.network\/angola\/#organization","name":"GO GLOBAL | CADASTRO | GOGLOBAL NETWORK | ANGOLA","url":"https:\/\/goglobal.multilevel.network\/angola\/","logo":{"@type":"ImageObject","inLanguage":"pt-AO","@id":"https:\/\/goglobal.multilevel.network\/angola\/#\/schema\/logo\/image\/","url":"https:\/\/goglobal.multilevel.network\/angola\/wp-content\/uploads\/2023\/02\/logo-goglobal-multilevel-network-1.png","contentUrl":"https:\/\/goglobal.multilevel.network\/angola\/wp-content\/uploads\/2023\/02\/logo-goglobal-multilevel-network-1.png","width":2700,"height":693,"caption":"GO GLOBAL | CADASTRO | GOGLOBAL NETWORK | ANGOLA"},"image":{"@id":"https:\/\/goglobal.multilevel.network\/angola\/#\/schema\/logo\/image\/"}}]}},"_links":{"self":[{"href":"https:\/\/goglobal.multilevel.network\/angola\/wp-json\/wp\/v2\/pages\/2262","targetHints":{"allow":["GET"]}}],"collection":[{"href":"https:\/\/goglobal.multilevel.network\/angola\/wp-json\/wp\/v2\/pages"}],"about":[{"href":"https:\/\/goglobal.multilevel.network\/angola\/wp-json\/wp\/v2\/types\/page"}],"author":[{"embeddable":true,"href":"https:\/\/goglobal.multilevel.network\/angola\/wp-json\/wp\/v2\/users\/1"}],"replies":[{"embeddable":true,"href":"https:\/\/goglobal.multilevel.network\/angola\/wp-json\/wp\/v2\/comments?post=2262"}],"version-history":[{"count":11,"href":"https:\/\/goglobal.multilevel.network\/angola\/wp-json\/wp\/v2\/pages\/2262\/revisions"}],"predecessor-version":[{"id":4491,"href":"https:\/\/goglobal.multilevel.network\/angola\/wp-json\/wp\/v2\/pages\/2262\/revisions\/4491"}],"wp:featuredmedia":[{"embeddable":true,"href":"https:\/\/goglobal.multilevel.network\/angola\/wp-json\/wp\/v2\/media\/4196"}],"wp:attachment":[{"href":"https:\/\/goglobal.multilevel.network\/angola\/wp-json\/wp\/v2\/media?parent=2262"}],"wp:term":[{"taxonomy":"post_tag","embeddable":true,"href":"https:\/\/goglobal.multilevel.network\/angola\/wp-json\/wp\/v2\/tags?post=2262"}],"curies":[{"name":"wp","href":"https:\/\/api.w.org\/{rel}","templated":true}]}}