{"id":2294,"date":"2023-02-13T18:23:04","date_gmt":"2023-02-13T18:23:04","guid":{"rendered":"http:\/\/bandeiracoin.com.br\/?page_id=2294"},"modified":"2023-03-03T00:44:08","modified_gmt":"2023-03-03T00:44:08","slug":"grupos-de-whatsapp","status":"publish","type":"page","link":"https:\/\/goglobal.multilevel.network\/angola\/grupos-de-whatsapp\/","title":{"rendered":"Grupos de WhatsApp"},"content":{"rendered":"[vc_row][vc_column width=&#8221;1\/6&#8243;][\/vc_column][vc_column width=&#8221;2\/3&#8243;][vc_custom_heading source=&#8221;post_title&#8221; font_container=&#8221;tag:h1|font_size:40|text_align:center|color:%234c962e&#8221; google_fonts=&#8221;font_family:Nunito%3A300%2Cregular%2C700|font_style:700%20bold%20regular%3A700%3Anormal&#8221;][vc_row_inner][vc_column_inner width=&#8221;1\/3&#8243;][\/vc_column_inner][vc_column_inner width=&#8221;1\/3&#8243;][vc_single_image image=&#8221;4202&#8243; img_size=&#8221;full&#8221; alignment=&#8221;center&#8221; css_animation=&#8221;slideInUp&#8221;][\/vc_column_inner][vc_column_inner width=&#8221;1\/3&#8243;][\/vc_column_inner][\/vc_row_inner][vc_row_inner][vc_column_inner][vc_custom_heading text=&#8221;Encuentre un grupo de WhatsApp en su estado o regi\u00f3n&#8221; font_container=&#8221;tag:h1|font_size:30|text_align:center&#8221; google_fonts=&#8221;font_family:Nunito%3A300%2Cregular%2C700|font_style:700%20bold%20regular%3A700%3Anormal&#8221; css_animation=&#8221;slideInRight&#8221;][vc_custom_heading text=&#8221;Encontre um Grupo de WhatsApp em seu Estado ou Regi\u00e3o&#8221; font_container=&#8221;tag:h1|font_size:30|text_align:center&#8221; google_fonts=&#8221;font_family:Nunito%3A300%2Cregular%2C700|font_style:700%20bold%20regular%3A700%3Anormal&#8221; css_animation=&#8221;slideInRight&#8221;][\/vc_column_inner][\/vc_row_inner][vc_tta_tabs title_tag=&#8221;h3&#8243; style=&#8221;outline&#8221; shape=&#8221;round&#8221; color=&#8221;green&#8221; spacing=&#8221;&#8221; alignment=&#8221;center&#8221; active_section=&#8221;1&#8243; css=&#8221;.vc_custom_1677803944564{background-position: center !important;background-repeat: no-repeat !important;background-size: cover !important;}&#8221;][vc_tta_section i_type=&#8221;linecons&#8221; i_icon_linecons=&#8221;vc_li vc_li-vynil&#8221; add_icon=&#8221;true&#8221; title=&#8221;TODAS AS REGI\u00d5ES&#8221; tab_id=&#8221;todas&#8221;][vc_row_inner css=&#8221;.vc_custom_1677804012603{background-color: rgba(6,91,66,0.93) !important;background-position: center !important;background-repeat: no-repeat !important;background-size: cover !important;*background-color: rgb(6,91,66) !important;border-radius: 15px !important;}&#8221;][vc_column_inner width=&#8221;1\/4&#8243;][\/vc_column_inner][vc_column_inner width=&#8221;1\/4&#8243;][vc_column_text]\n<h4><span style=\"color: #ff9900;\"><a style=\"color: #ff9900;\" href=\"https:\/\/goglobal.multilevel.network\/angola\/gruposwhatsappregiao\">Bengo<\/a><\/span><\/h4>\n<h4><span style=\"color: #ff9900;\"><a style=\"color: #ff9900;\" href=\"https:\/\/goglobal.multilevel.network\/angola\/gruposwhatsappregiao\">Benguela<\/a><\/span><\/h4>\n<h4><span style=\"color: #ff9900;\"><a style=\"color: #ff9900;\" href=\"https:\/\/goglobal.multilevel.network\/angola\/gruposwhatsappregiao\">Bie<\/a><\/span><\/h4>\n<h4><span style=\"color: #ff9900;\"><a style=\"color: #ff9900;\" href=\"https:\/\/goglobal.multilevel.network\/angola\/gruposwhatsappregiao\">Cabinda<\/a><\/span><\/h4>\n<h4><span style=\"color: #ff9900;\"><a style=\"color: #ff9900;\" href=\"https:\/\/goglobal.multilevel.network\/angola\/gruposwhatsappregiao\">Cuando<\/a><\/span><\/h4>\n<h4><span style=\"color: #ff9900;\"><a style=\"color: #ff9900;\" href=\"https:\/\/goglobal.multilevel.network\/angola\/gruposwhatsappregiao\">Cubango<\/a><\/span><\/h4>\n<h4><span style=\"color: #ff9900;\"><a style=\"color: #ff9900;\" href=\"https:\/\/goglobal.multilevel.network\/angola\/gruposwhatsappregiao\">Cuanza Norte<\/a><\/span><\/h4>\n<h4><span style=\"color: #ff9900;\"><a style=\"color: #ff9900;\" href=\"https:\/\/goglobal.multilevel.network\/angola\/gruposwhatsappregiao\">Cuanza Sul<\/a><\/span><\/h4>\n<h4><span style=\"color: #ff9900;\"><a style=\"color: #ff9900;\" href=\"https:\/\/goglobal.multilevel.network\/angola\/gruposwhatsappregiao\">Cunene<\/a><\/span><\/h4>\n[\/vc_column_text][\/vc_column_inner][vc_column_inner width=&#8221;1\/4&#8243;][vc_column_text]\n<h4><span style=\"color: #ff9900;\"><a style=\"color: #ff9900;\" href=\"https:\/\/goglobal.multilevel.network\/angola\/gruposwhatsappregiao\">Huambo<\/a><\/span><\/h4>\n<h4><span style=\"color: #ff9900;\"><a style=\"color: #ff9900;\" href=\"https:\/\/goglobal.multilevel.network\/angola\/gruposwhatsappregiao\">Huila<\/a><\/span><\/h4>\n<h4><span style=\"color: #ff9900;\"><a style=\"color: #ff9900;\" href=\"https:\/\/goglobal.multilevel.network\/angola\/gruposwhatsappregiao\">Luanda<\/a><\/span><\/h4>\n<h4><span style=\"color: #ff9900;\"><a style=\"color: #ff9900;\" href=\"https:\/\/goglobal.multilevel.network\/angola\/gruposwhatsappregiao\">Lunda Norte<\/a><\/span><\/h4>\n<h4><span style=\"color: #ff9900;\"><a style=\"color: #ff9900;\" href=\"https:\/\/goglobal.multilevel.network\/angola\/gruposwhatsappregiao\">Lunda Sul<\/a><\/span><\/h4>\n<h4><span style=\"color: #ff9900;\"><a style=\"color: #ff9900;\" href=\"https:\/\/goglobal.multilevel.network\/angola\/gruposwhatsappregiao\">Malanje<\/a><\/span><\/h4>\n<h4><span style=\"color: #ff9900;\"><a style=\"color: #ff9900;\" href=\"https:\/\/goglobal.multilevel.network\/angola\/gruposwhatsappregiao\">Moxico<\/a><\/span><\/h4>\n<h4><span style=\"color: #ff9900;\"><a style=\"color: #ff9900;\" href=\"https:\/\/goglobal.multilevel.network\/angola\/gruposwhatsappregiao\">Namibe<\/a><\/span><\/h4>\n<h4><span style=\"color: #ff9900;\"><a style=\"color: #ff9900;\" href=\"https:\/\/goglobal.multilevel.network\/angola\/gruposwhatsappregiao\">Uige<\/a><\/span><\/h4>\n<h4><span style=\"color: #ff9900;\"><a style=\"color: #ff9900;\" href=\"https:\/\/goglobal.multilevel.network\/angola\/gruposwhatsappregiao\">Zaire<\/a><\/span><\/h4>\n[\/vc_column_text][\/vc_column_inner][vc_column_inner width=&#8221;1\/4&#8243;][\/vc_column_inner][\/vc_row_inner][\/vc_tta_section][\/vc_tta_tabs][\/vc_column][vc_column width=&#8221;1\/6&#8243;][\/vc_column][\/vc_row]\n","protected":false},"excerpt":{"rendered":"<p>[vc_row][vc_column width=&#8221;1\/6&#8243;][\/vc_column][vc_column width=&#8221;2\/3&#8243;][vc_custom_heading source=&#8221;post_title&#8221; font_container=&#8221;tag:h1|font_size:40|text_align:center|color:%234c962e&#8221; google_fonts=&#8221;font_family:Nunito%3A300%2Cregular%2C700|font_style:700%20bold%20regular%3A700%3Anormal&#8221;][vc_row_inner][vc_column_inner width=&#8221;1\/3&#8243;][\/vc_column_inner][vc_column_inner width=&#8221;1\/3&#8243;][vc_single_image image=&#8221;4202&#8243; img_size=&#8221;full&#8221; alignment=&#8221;center&#8221; css_animation=&#8221;slideInUp&#8221;][\/vc_column_inner][vc_column_inner width=&#8221;1\/3&#8243;][\/vc_column_inner][\/vc_row_inner][vc_row_inner][vc_column_inner][vc_custom_heading text=&#8221;Encuentre un grupo de WhatsApp en su estado o regi\u00f3n&#8221; font_container=&#8221;tag:h1|font_size:30|text_align:center&#8221; google_fonts=&#8221;font_family:Nunito%3A300%2Cregular%2C700|font_style:700%20bold%20regular%3A700%3Anormal&#8221; css_animation=&#8221;slideInRight&#8221;][vc_custom_heading text=&#8221;Encontre um Grupo de WhatsApp em seu Estado ou Regi\u00e3o&#8221; font_container=&#8221;tag:h1|font_size:30|text_align:center&#8221; google_fonts=&#8221;font_family:Nunito%3A300%2Cregular%2C700|font_style:700%20bold%20regular%3A700%3Anormal&#8221; css_animation=&#8221;slideInRight&#8221;][\/vc_column_inner][\/vc_row_inner][vc_tta_tabs title_tag=&#8221;h3&#8243; style=&#8221;outline&#8221; shape=&#8221;round&#8221; color=&#8221;green&#8221; spacing=&#8221;&#8221; alignment=&#8221;center&#8221; active_section=&#8221;1&#8243; css=&#8221;.vc_custom_1677803944564{background-position: center !important;background-repeat: no-repeat !important;background-size: cover !important;}&#8221;][vc_tta_section i_type=&#8221;linecons&#8221; i_icon_linecons=&#8221;vc_li vc_li-vynil&#8221; add_icon=&#8221;true&#8221; title=&#8221;TODAS AS REGI\u00d5ES&#8221; tab_id=&#8221;todas&#8221;][vc_row_inner css=&#8221;.vc_custom_1677804012603{background-color: rgba(6,91,66,0.93) !important;background-position: center !important;background-repeat: no-repeat !important;background-size: cover !important;*background-color: rgb(6,91,66) !important;border-radius: 15px !important;}&#8221;][vc_column_inner width=&#8221;1\/4&#8243;][\/vc_column_inner][vc_column_inner width=&#8221;1\/4&#8243;][vc_column_text] Bengo Benguela Bie Cabinda Cuando Cubango Cuanza Norte Cuanza Sul Cunene [\/vc_column_text][\/vc_column_inner][vc_column_inner width=&#8221;1\/4&#8243;][vc_column_text] Huambo Huila Luanda Lunda Norte Lunda Sul Malanje Moxico Namibe Uige\u2026<\/p>\n","protected":false},"author":1,"featured_media":4204,"parent":0,"menu_order":0,"comment_status":"closed","ping_status":"closed","template":"elementor_header_footer","meta":{"footnotes":""},"tags":[],"class_list":["post-2294","page","type-page","status-publish","has-post-thumbnail","hentry"],"blocksy_meta":{"styles_descriptor":{"styles":{"desktop":"","tablet":"","mobile":""},"google_fonts":[],"version":5}},"yoast_head":"<!-- This site is optimized with the Yoast SEO plugin v27.1.1 - https:\/\/yoast.com\/product\/yoast-seo-wordpress\/ -->\n<title>Grupos de WhatsApp - GO GLOBAL | CADASTRO | GOGLOBAL NETWORK | ANGOLA<\/title>\n<meta name=\"description\" content=\"Grupos WhatsApp GO Global Angola | Cadastro | Junte-se a um grupo agora mesmo e seja atendido por um consultor pr\u00f3ximo a voc\u00ea na sua regi\u00e3o!\" \/>\n<meta name=\"robots\" content=\"index, follow, max-snippet:-1, max-image-preview:large, max-video-preview:-1\" \/>\n<link rel=\"canonical\" href=\"https:\/\/goglobal.multilevel.network\/angola\/grupos-de-whatsapp\/\" \/>\n<meta property=\"og:locale\" content=\"pt_PT\" \/>\n<meta property=\"og:type\" content=\"article\" \/>\n<meta property=\"og:title\" content=\"Grupos de WhatsApp - GO GLOBAL | CADASTRO | GOGLOBAL NETWORK | ANGOLA\" \/>\n<meta property=\"og:description\" content=\"Grupos WhatsApp GO Global Angola | Cadastro | Junte-se a um grupo agora mesmo e seja atendido por um consultor pr\u00f3ximo a voc\u00ea na sua regi\u00e3o!\" \/>\n<meta property=\"og:url\" content=\"https:\/\/goglobal.multilevel.network\/angola\/grupos-de-whatsapp\/\" \/>\n<meta property=\"og:site_name\" content=\"GO GLOBAL | CADASTRO | GOGLOBAL NETWORK | ANGOLA\" \/>\n<meta property=\"article:modified_time\" content=\"2023-03-03T00:44:08+00:00\" \/>\n<meta property=\"og:image\" content=\"https:\/\/goglobal.multilevel.network\/angola\/wp-content\/uploads\/2023\/02\/PAGE-COVER-WHATSAPP-GROUPS-GO-GLOBAL-NETWORK.jpg\" \/>\n\t<meta property=\"og:image:width\" content=\"1124\" \/>\n\t<meta property=\"og:image:height\" content=\"1124\" \/>\n\t<meta property=\"og:image:type\" content=\"image\/jpeg\" \/>\n<meta name=\"twitter:card\" content=\"summary_large_image\" \/>\n<meta name=\"twitter:label1\" content=\"Est. tempo de leitura\" \/>\n\t<meta name=\"twitter:data1\" content=\"1 minuto\" \/>\n<script type=\"application\/ld+json\" class=\"yoast-schema-graph\">{\"@context\":\"https:\/\/schema.org\",\"@graph\":[{\"@type\":\"WebPage\",\"@id\":\"https:\/\/goglobal.multilevel.network\/angola\/grupos-de-whatsapp\/\",\"url\":\"https:\/\/goglobal.multilevel.network\/angola\/grupos-de-whatsapp\/\",\"name\":\"Grupos de WhatsApp - GO GLOBAL | CADASTRO | GOGLOBAL NETWORK | ANGOLA\",\"isPartOf\":{\"@id\":\"https:\/\/goglobal.multilevel.network\/angola\/#website\"},\"primaryImageOfPage\":{\"@id\":\"https:\/\/goglobal.multilevel.network\/angola\/grupos-de-whatsapp\/#primaryimage\"},\"image\":{\"@id\":\"https:\/\/goglobal.multilevel.network\/angola\/grupos-de-whatsapp\/#primaryimage\"},\"thumbnailUrl\":\"https:\/\/goglobal.multilevel.network\/angola\/wp-content\/uploads\/2023\/02\/PAGE-COVER-WHATSAPP-GROUPS-GO-GLOBAL-NETWORK.jpg\",\"datePublished\":\"2023-02-13T18:23:04+00:00\",\"dateModified\":\"2023-03-03T00:44:08+00:00\",\"description\":\"Grupos WhatsApp GO Global Angola | Cadastro | Junte-se a um grupo agora mesmo e seja atendido por um consultor pr\u00f3ximo a voc\u00ea na sua regi\u00e3o!\",\"breadcrumb\":{\"@id\":\"https:\/\/goglobal.multilevel.network\/angola\/grupos-de-whatsapp\/#breadcrumb\"},\"inLanguage\":\"pt-AO\",\"potentialAction\":[{\"@type\":\"ReadAction\",\"target\":[\"https:\/\/goglobal.multilevel.network\/angola\/grupos-de-whatsapp\/\"]}]},{\"@type\":\"ImageObject\",\"inLanguage\":\"pt-AO\",\"@id\":\"https:\/\/goglobal.multilevel.network\/angola\/grupos-de-whatsapp\/#primaryimage\",\"url\":\"https:\/\/goglobal.multilevel.network\/angola\/wp-content\/uploads\/2023\/02\/PAGE-COVER-WHATSAPP-GROUPS-GO-GLOBAL-NETWORK.jpg\",\"contentUrl\":\"https:\/\/goglobal.multilevel.network\/angola\/wp-content\/uploads\/2023\/02\/PAGE-COVER-WHATSAPP-GROUPS-GO-GLOBAL-NETWORK.jpg\",\"width\":1124,\"height\":1124,\"caption\":\"PAGE COVER WHATSAPP GROUPS GO GLOBAL NETWORK\"},{\"@type\":\"BreadcrumbList\",\"@id\":\"https:\/\/goglobal.multilevel.network\/angola\/grupos-de-whatsapp\/#breadcrumb\",\"itemListElement\":[{\"@type\":\"ListItem\",\"position\":1,\"name\":\"Home\",\"item\":\"https:\/\/goglobal.multilevel.network\/angola\/\"},{\"@type\":\"ListItem\",\"position\":2,\"name\":\"Grupos de WhatsApp\"}]},{\"@type\":\"WebSite\",\"@id\":\"https:\/\/goglobal.multilevel.network\/angola\/#website\",\"url\":\"https:\/\/goglobal.multilevel.network\/angola\/\",\"name\":\"GO GLOBAL | CADASTRO | GOGLOBAL NETWORK | ANGOLA\",\"description\":\"GO GLOBAL | Cadastro | Angola | Ganhe renda residual com produtos educacionais no modelo de Marketing Multin\u00edvel GOGLOBAL NETWORK\",\"publisher\":{\"@id\":\"https:\/\/goglobal.multilevel.network\/angola\/#organization\"},\"potentialAction\":[{\"@type\":\"SearchAction\",\"target\":{\"@type\":\"EntryPoint\",\"urlTemplate\":\"https:\/\/goglobal.multilevel.network\/angola\/?s={search_term_string}\"},\"query-input\":{\"@type\":\"PropertyValueSpecification\",\"valueRequired\":true,\"valueName\":\"search_term_string\"}}],\"inLanguage\":\"pt-AO\"},{\"@type\":\"Organization\",\"@id\":\"https:\/\/goglobal.multilevel.network\/angola\/#organization\",\"name\":\"GO GLOBAL | CADASTRO | GOGLOBAL NETWORK | ANGOLA\",\"url\":\"https:\/\/goglobal.multilevel.network\/angola\/\",\"logo\":{\"@type\":\"ImageObject\",\"inLanguage\":\"pt-AO\",\"@id\":\"https:\/\/goglobal.multilevel.network\/angola\/#\/schema\/logo\/image\/\",\"url\":\"https:\/\/goglobal.multilevel.network\/angola\/wp-content\/uploads\/2023\/02\/logo-goglobal-multilevel-network-1.png\",\"contentUrl\":\"https:\/\/goglobal.multilevel.network\/angola\/wp-content\/uploads\/2023\/02\/logo-goglobal-multilevel-network-1.png\",\"width\":2700,\"height\":693,\"caption\":\"GO GLOBAL | CADASTRO | GOGLOBAL NETWORK | ANGOLA\"},\"image\":{\"@id\":\"https:\/\/goglobal.multilevel.network\/angola\/#\/schema\/logo\/image\/\"}}]}<\/script>\n<!-- \/ Yoast SEO plugin. -->","yoast_head_json":{"title":"Grupos de WhatsApp - GO GLOBAL | CADASTRO | GOGLOBAL NETWORK | ANGOLA","description":"Grupos WhatsApp GO Global Angola | Cadastro | Junte-se a um grupo agora mesmo e seja atendido por um consultor pr\u00f3ximo a voc\u00ea na sua regi\u00e3o!","robots":{"index":"index","follow":"follow","max-snippet":"max-snippet:-1","max-image-preview":"max-image-preview:large","max-video-preview":"max-video-preview:-1"},"canonical":"https:\/\/goglobal.multilevel.network\/angola\/grupos-de-whatsapp\/","og_locale":"pt_PT","og_type":"article","og_title":"Grupos de WhatsApp - GO GLOBAL | CADASTRO | GOGLOBAL NETWORK | ANGOLA","og_description":"Grupos WhatsApp GO Global Angola | Cadastro | Junte-se a um grupo agora mesmo e seja atendido por um consultor pr\u00f3ximo a voc\u00ea na sua regi\u00e3o!","og_url":"https:\/\/goglobal.multilevel.network\/angola\/grupos-de-whatsapp\/","og_site_name":"GO GLOBAL | CADASTRO | GOGLOBAL NETWORK | ANGOLA","article_modified_time":"2023-03-03T00:44:08+00:00","og_image":[{"width":1124,"height":1124,"url":"https:\/\/goglobal.multilevel.network\/angola\/wp-content\/uploads\/2023\/02\/PAGE-COVER-WHATSAPP-GROUPS-GO-GLOBAL-NETWORK.jpg","type":"image\/jpeg"}],"twitter_card":"summary_large_image","twitter_misc":{"Est. tempo de leitura":"1 minuto"},"schema":{"@context":"https:\/\/schema.org","@graph":[{"@type":"WebPage","@id":"https:\/\/goglobal.multilevel.network\/angola\/grupos-de-whatsapp\/","url":"https:\/\/goglobal.multilevel.network\/angola\/grupos-de-whatsapp\/","name":"Grupos de WhatsApp - GO GLOBAL | CADASTRO | GOGLOBAL NETWORK | ANGOLA","isPartOf":{"@id":"https:\/\/goglobal.multilevel.network\/angola\/#website"},"primaryImageOfPage":{"@id":"https:\/\/goglobal.multilevel.network\/angola\/grupos-de-whatsapp\/#primaryimage"},"image":{"@id":"https:\/\/goglobal.multilevel.network\/angola\/grupos-de-whatsapp\/#primaryimage"},"thumbnailUrl":"https:\/\/goglobal.multilevel.network\/angola\/wp-content\/uploads\/2023\/02\/PAGE-COVER-WHATSAPP-GROUPS-GO-GLOBAL-NETWORK.jpg","datePublished":"2023-02-13T18:23:04+00:00","dateModified":"2023-03-03T00:44:08+00:00","description":"Grupos WhatsApp GO Global Angola | Cadastro | Junte-se a um grupo agora mesmo e seja atendido por um consultor pr\u00f3ximo a voc\u00ea na sua regi\u00e3o!","breadcrumb":{"@id":"https:\/\/goglobal.multilevel.network\/angola\/grupos-de-whatsapp\/#breadcrumb"},"inLanguage":"pt-AO","potentialAction":[{"@type":"ReadAction","target":["https:\/\/goglobal.multilevel.network\/angola\/grupos-de-whatsapp\/"]}]},{"@type":"ImageObject","inLanguage":"pt-AO","@id":"https:\/\/goglobal.multilevel.network\/angola\/grupos-de-whatsapp\/#primaryimage","url":"https:\/\/goglobal.multilevel.network\/angola\/wp-content\/uploads\/2023\/02\/PAGE-COVER-WHATSAPP-GROUPS-GO-GLOBAL-NETWORK.jpg","contentUrl":"https:\/\/goglobal.multilevel.network\/angola\/wp-content\/uploads\/2023\/02\/PAGE-COVER-WHATSAPP-GROUPS-GO-GLOBAL-NETWORK.jpg","width":1124,"height":1124,"caption":"PAGE COVER WHATSAPP GROUPS GO GLOBAL NETWORK"},{"@type":"BreadcrumbList","@id":"https:\/\/goglobal.multilevel.network\/angola\/grupos-de-whatsapp\/#breadcrumb","itemListElement":[{"@type":"ListItem","position":1,"name":"Home","item":"https:\/\/goglobal.multilevel.network\/angola\/"},{"@type":"ListItem","position":2,"name":"Grupos de WhatsApp"}]},{"@type":"WebSite","@id":"https:\/\/goglobal.multilevel.network\/angola\/#website","url":"https:\/\/goglobal.multilevel.network\/angola\/","name":"GO GLOBAL | CADASTRO | GOGLOBAL NETWORK | ANGOLA","description":"GO GLOBAL | Cadastro | Angola | Ganhe renda residual com produtos educacionais no modelo de Marketing Multin\u00edvel GOGLOBAL NETWORK","publisher":{"@id":"https:\/\/goglobal.multilevel.network\/angola\/#organization"},"potentialAction":[{"@type":"SearchAction","target":{"@type":"EntryPoint","urlTemplate":"https:\/\/goglobal.multilevel.network\/angola\/?s={search_term_string}"},"query-input":{"@type":"PropertyValueSpecification","valueRequired":true,"valueName":"search_term_string"}}],"inLanguage":"pt-AO"},{"@type":"Organization","@id":"https:\/\/goglobal.multilevel.network\/angola\/#organization","name":"GO GLOBAL | CADASTRO | GOGLOBAL NETWORK | ANGOLA","url":"https:\/\/goglobal.multilevel.network\/angola\/","logo":{"@type":"ImageObject","inLanguage":"pt-AO","@id":"https:\/\/goglobal.multilevel.network\/angola\/#\/schema\/logo\/image\/","url":"https:\/\/goglobal.multilevel.network\/angola\/wp-content\/uploads\/2023\/02\/logo-goglobal-multilevel-network-1.png","contentUrl":"https:\/\/goglobal.multilevel.network\/angola\/wp-content\/uploads\/2023\/02\/logo-goglobal-multilevel-network-1.png","width":2700,"height":693,"caption":"GO GLOBAL | CADASTRO | GOGLOBAL NETWORK | ANGOLA"},"image":{"@id":"https:\/\/goglobal.multilevel.network\/angola\/#\/schema\/logo\/image\/"}}]}},"_links":{"self":[{"href":"https:\/\/goglobal.multilevel.network\/angola\/wp-json\/wp\/v2\/pages\/2294","targetHints":{"allow":["GET"]}}],"collection":[{"href":"https:\/\/goglobal.multilevel.network\/angola\/wp-json\/wp\/v2\/pages"}],"about":[{"href":"https:\/\/goglobal.multilevel.network\/angola\/wp-json\/wp\/v2\/types\/page"}],"author":[{"embeddable":true,"href":"https:\/\/goglobal.multilevel.network\/angola\/wp-json\/wp\/v2\/users\/1"}],"replies":[{"embeddable":true,"href":"https:\/\/goglobal.multilevel.network\/angola\/wp-json\/wp\/v2\/comments?post=2294"}],"version-history":[{"count":28,"href":"https:\/\/goglobal.multilevel.network\/angola\/wp-json\/wp\/v2\/pages\/2294\/revisions"}],"predecessor-version":[{"id":4563,"href":"https:\/\/goglobal.multilevel.network\/angola\/wp-json\/wp\/v2\/pages\/2294\/revisions\/4563"}],"wp:featuredmedia":[{"embeddable":true,"href":"https:\/\/goglobal.multilevel.network\/angola\/wp-json\/wp\/v2\/media\/4204"}],"wp:attachment":[{"href":"https:\/\/goglobal.multilevel.network\/angola\/wp-json\/wp\/v2\/media?parent=2294"}],"wp:term":[{"taxonomy":"post_tag","embeddable":true,"href":"https:\/\/goglobal.multilevel.network\/angola\/wp-json\/wp\/v2\/tags?post=2294"}],"curies":[{"name":"wp","href":"https:\/\/api.w.org\/{rel}","templated":true}]}}