{"id":3482,"date":"2023-02-13T16:43:13","date_gmt":"2023-02-13T16:43:13","guid":{"rendered":"https:\/\/goglobal.multilevel.network\/brasil\/?page_id=3"},"modified":"2023-02-17T01:58:56","modified_gmt":"2023-02-17T01:58:56","slug":"politica-de-privacidade","status":"publish","type":"page","link":"https:\/\/goglobal.multilevel.network\/brasil\/politica-de-privacidade\/","title":{"rendered":"Pol\u00edtica de Privacidade"},"content":{"rendered":"[vc_row][vc_column][vc_row_inner][vc_column_inner width=&#8221;1\/3&#8243;][\/vc_column_inner][vc_column_inner width=&#8221;1\/3&#8243;][vc_single_image image=&#8221;4191&#8243; img_size=&#8221;medium&#8221;][\/vc_column_inner][vc_column_inner width=&#8221;1\/3&#8243;][\/vc_column_inner][\/vc_row_inner][vc_column_text]\n<div class=\"hero-section\" data-type=\"type-1\">\n<header class=\"entry-header\">\n<h1 class=\"page-title\" title=\"Pol\u00edtica de privacidade\">Pol\u00edtica de privacidade<\/h1>\n<h4>Quem somos<\/h4>\n<p>O endere\u00e7o do nosso site \u00e9: https:\/\/goglobal.multilevel.network\/brasil.\u00a0Somos uma equipe de representantes que orientam voc\u00ea a se tornar um cliente GO GLOBAL atrav\u00e9s desta p\u00e1gina.\u00a0O nosso meio de contacto \u00e9 atrav\u00e9s deste link\u00a0\u00a0<a href=\"https:\/\/goglobal.multilevel.network\/brasil\/servicio-de-atencion-al-cliente-contactenos\/\">Contacte-nos<\/a>\u00a0\u00a0\u00a0onde ter\u00e1 todos os meios acess\u00edveis para nos contactar.<\/p>\n<h4>Quais dados pessoais coletamos e por qu\u00ea<\/h4>\n<p class=\"privacy-policy-tutorial\">Os dados pessoais que coletamos, como: Nome Completo, Nacionalidade, Data de Nascimento, Endere\u00e7o Residencial Completo, N\u00famero da Casa, C\u00f3digo Postal, Celular, Sua Cidade, Seu Estado, Seu Email, Qual \u00e9 o RG da pessoa que te convidou to GO GLOBAL, foto para seu perfil aqui no site, link do perfil do Facebook ou Instagram, se for o caso, qual o melhor hor\u00e1rio para entrar em contato com voc\u00ea.<\/p>\n<p class=\"privacy-policy-tutorial\">Seus dados ser\u00e3o oferecidos por n\u00f3s na empresa aqui representada para efetuar seu cadastro a fim de se tornar cliente da mesma.\u00a0Portanto, n\u00e3o ser\u00e1 utilizado de outra forma que n\u00e3o esta.<\/p>\n<h4>Coment\u00e1rios<\/h4>\n<p>Quando os visitantes deixam coment\u00e1rios no site, coletamos os dados exibidos no formul\u00e1rio de coment\u00e1rios, al\u00e9m do endere\u00e7o IP do visitante e dados do navegador, para auxiliar na detec\u00e7\u00e3o de spam.<\/p>\n<p>Uma string an\u00f4nima criada a partir do seu e-mail (tamb\u00e9m chamada de hash) pode ser enviada ao Gravatar para verificar se voc\u00ea usa o servi\u00e7o.\u00a0A pol\u00edtica de privacidade do Gravatar est\u00e1 dispon\u00edvel aqui: https:\/\/automattic.com\/privacy\/.\u00a0Depois que seu coment\u00e1rio for aprovado, sua foto de perfil ficar\u00e1 publicamente vis\u00edvel ao lado de seu coment\u00e1rio.<\/p>\n<h4>Meios de comunica\u00e7\u00e3o<\/h4>\n<p>Se voc\u00ea enviar imagens para o site, evite enviar imagens que contenham dados de localiza\u00e7\u00e3o incorporados (GPS EXIF).\u00a0Os visitantes podem baixar essas imagens do site e extrair seus dados de localiza\u00e7\u00e3o delas.<\/p>\n<h4>formularios de contacto<\/h4>\n<p>Por padr\u00e3o, nosso site inclui um formul\u00e1rio de contato.\u00a0Para que nos possa enviar uma mensagem e para que possamos contact\u00e1-lo, os dados pessoais recolhidos aquando do envio dos seus dados, o tempo que guardamos esses dados, varia at\u00e9 ao momento em que o servi\u00e7o \u00e9 conclu\u00eddo, mas n\u00e3o usar essas informa\u00e7\u00f5es para marketing.<\/p>\n<h4>Biscoitos<\/h4>\n<p>Ao deixar um coment\u00e1rio no site, voc\u00ea pode optar por salvar seu nome, e-mail e site nos cookies.\u00a0Isso \u00e9 para sua conveni\u00eancia, para que voc\u00ea n\u00e3o precise preencher seus dados novamente quando fizer outro coment\u00e1rio.\u00a0Esses cookies duram um ano.<\/p>\n<p>Se voc\u00ea tiver uma conta e acessar este site, um cookie tempor\u00e1rio ser\u00e1 criado para determinar se seu navegador aceita cookies.\u00a0Ele n\u00e3o cont\u00e9m nenhum dado pessoal e ser\u00e1 descartado quando voc\u00ea fechar o navegador.<\/p>\n<p>Quando voc\u00ea faz login na sua conta no site, tamb\u00e9m definimos v\u00e1rios cookies para salvar os detalhes da sua conta e as op\u00e7\u00f5es de exibi\u00e7\u00e3o da tela.\u00a0Os cookies de login s\u00e3o mantidos por dois dias e os cookies de op\u00e7\u00f5es de tela por um ano.\u00a0Se voc\u00ea selecionar \u201cLembrar-me\u201d, seu acesso ser\u00e1 mantido por duas semanas.\u00a0Se voc\u00ea sair da sua conta, os cookies de login ser\u00e3o removidos.<\/p>\n<p>Se voc\u00ea editar ou publicar um artigo, um cookie adicional ser\u00e1 armazenado em seu navegador.\u00a0Este cookie n\u00e3o inclui nenhum dado pessoal e simplesmente indica o ID da postagem do artigo que voc\u00ea acabou de editar.\u00a0Expira ap\u00f3s 1 dia.<\/p>\n<h4>M\u00eddia incorporada de outros sites<\/h4>\n<p>Os artigos deste site podem incluir conte\u00fado incorporado, como v\u00eddeos, imagens, artigos, etc.\u00a0O conte\u00fado incorporado de outros sites se comporta exatamente da mesma maneira como se o visitante estivesse visitando o outro site.<\/p>\n<p>Esses sites podem coletar dados sobre voc\u00ea, usar cookies, incorporar rastreamento adicional de terceiros e monitorar sua intera\u00e7\u00e3o com esse conte\u00fado incorporado, incluindo sua intera\u00e7\u00e3o com o conte\u00fado incorporado se voc\u00ea tiver uma conta e estiver conectado ao site.<\/p>\n<h4>an\u00e1lise<\/h4>\n<p class=\"privacy-policy-tutorial\">N\u00e3o usamos um servi\u00e7o de an\u00e1lise em nosso site.<\/p>\n<h4>Com quem compartilhamos seus dados<\/h4>\n<p>Seus dados ser\u00e3o oferecidos por n\u00f3s na empresa aqui representada para efetuar seu cadastro a fim de se tornar cliente da mesma.\u00a0Portanto, n\u00e3o ser\u00e1 utilizado de outra forma que n\u00e3o esta.<\/p>\n<h4>Por quanto tempo mantemos seus dados<\/h4>\n<p>Se voc\u00ea deixar um coment\u00e1rio, o coment\u00e1rio e seus metadados ser\u00e3o retidos indefinidamente.\u00a0Fazemos isso para que possamos reconhecer e aprovar automaticamente quaisquer coment\u00e1rios subsequentes, em vez de reserv\u00e1-los para modera\u00e7\u00e3o.<\/p>\n<p>Para usu\u00e1rios que se registram em nosso site (se houver), tamb\u00e9m retemos as informa\u00e7\u00f5es pessoais que voc\u00ea fornece em seu perfil de usu\u00e1rio.\u00a0Todos os usu\u00e1rios podem visualizar, editar ou excluir suas informa\u00e7\u00f5es pessoais a qualquer momento (simplesmente n\u00e3o \u00e9 poss\u00edvel alterar seu nome de usu\u00e1rio).\u00a0Os administradores do site tamb\u00e9m podem visualizar e editar essas informa\u00e7\u00f5es.<\/p>\n<h4>Quais s\u00e3o os seus direitos sobre os seus dados<\/h4>\n<p>Se voc\u00ea possui uma conta neste site ou se deixou coment\u00e1rios, pode solicitar um arquivo exportado dos dados pessoais que mantemos sobre voc\u00ea, incluindo dados que voc\u00ea nos forneceu.\u00a0Voc\u00ea tamb\u00e9m pode solicitar que excluamos quaisquer dados pessoais que mantemos sobre voc\u00ea.\u00a0Isso n\u00e3o inclui quaisquer dados que somos obrigados a manter para fins administrativos, legais ou de seguran\u00e7a.<\/p>\n<h4>Para onde enviamos seus dados<\/h4>\n<p>Os coment\u00e1rios dos visitantes podem ser sinalizados por um servi\u00e7o autom\u00e1tico de detec\u00e7\u00e3o de spam.<\/p>\n<h4>Sua informa\u00e7\u00e3o de contato<\/h4>\n<p>Se necessitar de rever os seus dados introduzidos neste site, por favor contacte-nos atrav\u00e9s de\u00a0\u00a0\u00a0<a href=\"https:\/\/goglobal.multilevel.network\/brasil\/servicio-de-atencion-al-cliente-contactenos\/\">contact@goglobal.multilevel.network<\/a><\/p>\n<h4>informaci\u00f3n adicional<\/h4>\n<p>De tempos em tempos, voc\u00ea pode receber e-mails informativos sobre o neg\u00f3cio em quest\u00e3o da equipe deste site.<\/p>\n<h4>Como protegemos os seus dados<\/h4>\n<p>Tomamos medidas para proteger os dados do usu\u00e1rio.\u00a0Isso pode incluir medidas t\u00e9cnicas como criptografia;\u00a0medidas de seguran\u00e7a, como autentica\u00e7\u00e3o em duas etapas;\u00a0e medidas como treinamento de pessoal sobre prote\u00e7\u00e3o de dados.\u00a0Onde j\u00e1 fomos avaliados.<\/p>\n<div class=\"tile-content__title text-green\">reflex\u00f5es positivas.<\/div>\n<div class=\"block-highlights-list__holder\"><\/div>\n<h4>Quais s\u00e3o os nossos procedimentos de viola\u00e7\u00e3o de dados?<\/h4>\n<p>Se houver algum erro nos dados que voc\u00ea nos forneceu, tomaremos as medidas razo\u00e1veis \u200b\u200bpara corrigi-los.\u00a0Porque todas as informa\u00e7\u00f5es inseridas aqui pelo usu\u00e1rio passam por processos de criptografia de ponta a ponta, tornando a possibilidade de viola\u00e7\u00e3o de dados praticamente ultrassegura.<\/p>\n<h4>De quais terceiros recebemos dados<\/h4>\n<p>Podemos receber dados da empresa aqui representada para melhorar os dados fornecidos pelo usu\u00e1rio para a\u00e7\u00f5es corretivas ou informativas.<\/p>\n<h4>Que tomada de decis\u00e3o automatizada ou cria\u00e7\u00e3o de perfil fazemos com os dados do usu\u00e1rio<\/h4>\n<p>Ao enviar seus dados para cadastro, voc\u00ea poder\u00e1 ser redirecionado automaticamente para um aplicativo de mensagens instant\u00e2neas para aprimorar seu atendimento com a empresa e nossos representantes.<\/p>\n<h4>Requisitos obrigat\u00f3rios de divulga\u00e7\u00e3o para a categoria profissional<\/h4>\n<p>Este site representa apenas a empresa GO GLOBAL Ltd cujo endere\u00e7o principal \u00e9\u00a0\u00a0<span class=\"\">GO Global Ltd 12 Marina Boulevard Singapore, Marina Bay Financial Tower Floor 17<\/span><\/p>\n<p>A qualquer momento pode solicitar dados \u00e0 empresa representada para esclarecimento de d\u00favidas sobre o seu funcionamento e informa\u00e7\u00f5es comerciais.<\/p>\n<\/header>\n<\/div>\n[\/vc_column_text][\/vc_column][\/vc_row]\n","protected":false},"excerpt":{"rendered":"<p>[vc_row][vc_column][vc_row_inner][vc_column_inner width=&#8221;1\/3&#8243;][\/vc_column_inner][vc_column_inner width=&#8221;1\/3&#8243;][vc_single_image image=&#8221;4191&#8243; img_size=&#8221;medium&#8221;][\/vc_column_inner][vc_column_inner width=&#8221;1\/3&#8243;][\/vc_column_inner][\/vc_row_inner][vc_column_text] Pol\u00edtica de privacidade Quem somos O endere\u00e7o do nosso site \u00e9: https:\/\/goglobal.multilevel.network\/brasil.\u00a0Somos uma equipe de representantes que orientam voc\u00ea a se tornar um cliente GO GLOBAL atrav\u00e9s desta p\u00e1gina.\u00a0O nosso meio de contacto \u00e9 atrav\u00e9s deste link\u00a0\u00a0Contacte-nos\u00a0\u00a0\u00a0onde ter\u00e1 todos os meios acess\u00edveis para nos contactar. Quais dados pessoais coletamos e por qu\u00ea Os dados pessoais que coletamos, como: Nome Completo, Nacionalidade, Data de Nascimento, Endere\u00e7o Residencial Completo, N\u00famero da Casa, C\u00f3digo Postal, Celular, Sua Cidade, Seu Estado, Seu Email, Qual \u00e9 o RG da pessoa que te convidou to GO GLOBAL, foto para seu\u2026<\/p>\n","protected":false},"author":1,"featured_media":4192,"parent":0,"menu_order":0,"comment_status":"closed","ping_status":"closed","template":"elementor_theme","meta":{"footnotes":""},"tags":[],"class_list":["post-3482","page","type-page","status-publish","has-post-thumbnail","hentry"],"blocksy_meta":{"styles_descriptor":{"styles":{"desktop":"","tablet":"","mobile":""},"google_fonts":[],"version":5}},"yoast_head":"<!-- This site is optimized with the Yoast SEO plugin v27.1.1 - https:\/\/yoast.com\/product\/yoast-seo-wordpress\/ -->\n<title>Pol\u00edtica de Privacidade - GO GLOBAL | CADASTRO | GOGLOBAL NETWORK | BRASIL<\/title>\n<meta name=\"robots\" content=\"index, follow, max-snippet:-1, max-image-preview:large, max-video-preview:-1\" \/>\n<link rel=\"canonical\" href=\"https:\/\/goglobal.multilevel.network\/brasil\/politica-de-privacidade\/\" \/>\n<meta property=\"og:locale\" content=\"pt_BR\" \/>\n<meta property=\"og:type\" content=\"article\" \/>\n<meta property=\"og:title\" content=\"Pol\u00edtica de Privacidade - GO GLOBAL | CADASTRO | GOGLOBAL NETWORK | BRASIL\" \/>\n<meta property=\"og:description\" content=\"[vc_row][vc_column][vc_row_inner][vc_column_inner width=&#8221;1\/3&#8243;][\/vc_column_inner][vc_column_inner width=&#8221;1\/3&#8243;][vc_single_image image=&#8221;4191&#8243; img_size=&#8221;medium&#8221;][\/vc_column_inner][vc_column_inner width=&#8221;1\/3&#8243;][\/vc_column_inner][\/vc_row_inner][vc_column_text] Pol\u00edtica de privacidade Quem somos O endere\u00e7o do nosso site \u00e9: https:\/\/goglobal.multilevel.network\/brasil.\u00a0Somos uma equipe de representantes que orientam voc\u00ea a se tornar um cliente GO GLOBAL atrav\u00e9s desta p\u00e1gina.\u00a0O nosso meio de contacto \u00e9 atrav\u00e9s deste link\u00a0\u00a0Contacte-nos\u00a0\u00a0\u00a0onde ter\u00e1 todos os meios acess\u00edveis para nos contactar. Quais dados pessoais coletamos e por qu\u00ea Os dados pessoais que coletamos, como: Nome Completo, Nacionalidade, Data de Nascimento, Endere\u00e7o Residencial Completo, N\u00famero da Casa, C\u00f3digo Postal, Celular, Sua Cidade, Seu Estado, Seu Email, Qual \u00e9 o RG da pessoa que te convidou to GO GLOBAL, foto para seu\u2026\" \/>\n<meta property=\"og:url\" content=\"https:\/\/goglobal.multilevel.network\/brasil\/politica-de-privacidade\/\" \/>\n<meta property=\"og:site_name\" content=\"GO GLOBAL | CADASTRO | GOGLOBAL NETWORK | BRASIL\" \/>\n<meta property=\"article:modified_time\" content=\"2023-02-17T01:58:56+00:00\" \/>\n<meta property=\"og:image\" content=\"https:\/\/goglobal.multilevel.network\/brasil\/wp-content\/uploads\/2023\/02\/PAGE-COVER-PRIVACY-POLICY-GO-GLOBAL-NETWORK.jpg\" \/>\n\t<meta property=\"og:image:width\" content=\"1124\" \/>\n\t<meta property=\"og:image:height\" content=\"1124\" \/>\n\t<meta property=\"og:image:type\" content=\"image\/jpeg\" \/>\n<meta name=\"twitter:card\" content=\"summary_large_image\" \/>\n<meta name=\"twitter:label1\" content=\"Est. tempo de leitura\" \/>\n\t<meta name=\"twitter:data1\" content=\"7 minutos\" \/>\n<script type=\"application\/ld+json\" class=\"yoast-schema-graph\">{\"@context\":\"https:\/\/schema.org\",\"@graph\":[{\"@type\":\"WebPage\",\"@id\":\"https:\/\/goglobal.multilevel.network\/brasil\/politica-de-privacidade\/\",\"url\":\"https:\/\/goglobal.multilevel.network\/brasil\/politica-de-privacidade\/\",\"name\":\"Pol\u00edtica de Privacidade - GO GLOBAL | CADASTRO | GOGLOBAL NETWORK | BRASIL\",\"isPartOf\":{\"@id\":\"https:\/\/goglobal.multilevel.network\/brasil\/#website\"},\"primaryImageOfPage\":{\"@id\":\"https:\/\/goglobal.multilevel.network\/brasil\/politica-de-privacidade\/#primaryimage\"},\"image\":{\"@id\":\"https:\/\/goglobal.multilevel.network\/brasil\/politica-de-privacidade\/#primaryimage\"},\"thumbnailUrl\":\"https:\/\/goglobal.multilevel.network\/brasil\/wp-content\/uploads\/2023\/02\/PAGE-COVER-PRIVACY-POLICY-GO-GLOBAL-NETWORK.jpg\",\"datePublished\":\"2023-02-13T16:43:13+00:00\",\"dateModified\":\"2023-02-17T01:58:56+00:00\",\"breadcrumb\":{\"@id\":\"https:\/\/goglobal.multilevel.network\/brasil\/politica-de-privacidade\/#breadcrumb\"},\"inLanguage\":\"pt-BR\",\"potentialAction\":[{\"@type\":\"ReadAction\",\"target\":[\"https:\/\/goglobal.multilevel.network\/brasil\/politica-de-privacidade\/\"]}]},{\"@type\":\"ImageObject\",\"inLanguage\":\"pt-BR\",\"@id\":\"https:\/\/goglobal.multilevel.network\/brasil\/politica-de-privacidade\/#primaryimage\",\"url\":\"https:\/\/goglobal.multilevel.network\/brasil\/wp-content\/uploads\/2023\/02\/PAGE-COVER-PRIVACY-POLICY-GO-GLOBAL-NETWORK.jpg\",\"contentUrl\":\"https:\/\/goglobal.multilevel.network\/brasil\/wp-content\/uploads\/2023\/02\/PAGE-COVER-PRIVACY-POLICY-GO-GLOBAL-NETWORK.jpg\",\"width\":1124,\"height\":1124,\"caption\":\"PAGE COVER PRIVACY POLICY GO GLOBAL NETWORK\"},{\"@type\":\"BreadcrumbList\",\"@id\":\"https:\/\/goglobal.multilevel.network\/brasil\/politica-de-privacidade\/#breadcrumb\",\"itemListElement\":[{\"@type\":\"ListItem\",\"position\":1,\"name\":\"Home\",\"item\":\"https:\/\/goglobal.multilevel.network\/brasil\/\"},{\"@type\":\"ListItem\",\"position\":2,\"name\":\"Pol\u00edtica de Privacidade\"}]},{\"@type\":\"WebSite\",\"@id\":\"https:\/\/goglobal.multilevel.network\/brasil\/#website\",\"url\":\"https:\/\/goglobal.multilevel.network\/brasil\/\",\"name\":\"GO GLOBAL | CADASTRO | GOGLOBAL NETWORK | BRASIL\",\"description\":\"GO GLOBAL | Cadastro | Brasil | Ganhe renda residual com produtos educacionais no modelo de Marketing Multin\u00edvel GOGLOBAL NETWORK\",\"publisher\":{\"@id\":\"https:\/\/goglobal.multilevel.network\/brasil\/#organization\"},\"potentialAction\":[{\"@type\":\"SearchAction\",\"target\":{\"@type\":\"EntryPoint\",\"urlTemplate\":\"https:\/\/goglobal.multilevel.network\/brasil\/?s={search_term_string}\"},\"query-input\":{\"@type\":\"PropertyValueSpecification\",\"valueRequired\":true,\"valueName\":\"search_term_string\"}}],\"inLanguage\":\"pt-BR\"},{\"@type\":\"Organization\",\"@id\":\"https:\/\/goglobal.multilevel.network\/brasil\/#organization\",\"name\":\"GO GLOBAL | CADASTRO | GOGLOBAL NETWORK | BRASIL\",\"url\":\"https:\/\/goglobal.multilevel.network\/brasil\/\",\"logo\":{\"@type\":\"ImageObject\",\"inLanguage\":\"pt-BR\",\"@id\":\"https:\/\/goglobal.multilevel.network\/brasil\/#\/schema\/logo\/image\/\",\"url\":\"https:\/\/goglobal.multilevel.network\/brasil\/wp-content\/uploads\/2023\/02\/logo-goglobal-multilevel-network-1.png\",\"contentUrl\":\"https:\/\/goglobal.multilevel.network\/brasil\/wp-content\/uploads\/2023\/02\/logo-goglobal-multilevel-network-1.png\",\"width\":2700,\"height\":693,\"caption\":\"GO GLOBAL | CADASTRO | GOGLOBAL NETWORK | BRASIL\"},\"image\":{\"@id\":\"https:\/\/goglobal.multilevel.network\/brasil\/#\/schema\/logo\/image\/\"}}]}<\/script>\n<!-- \/ Yoast SEO plugin. -->","yoast_head_json":{"title":"Pol\u00edtica de Privacidade - GO GLOBAL | CADASTRO | GOGLOBAL NETWORK | BRASIL","robots":{"index":"index","follow":"follow","max-snippet":"max-snippet:-1","max-image-preview":"max-image-preview:large","max-video-preview":"max-video-preview:-1"},"canonical":"https:\/\/goglobal.multilevel.network\/brasil\/politica-de-privacidade\/","og_locale":"pt_BR","og_type":"article","og_title":"Pol\u00edtica de Privacidade - GO GLOBAL | CADASTRO | GOGLOBAL NETWORK | BRASIL","og_description":"[vc_row][vc_column][vc_row_inner][vc_column_inner width=&#8221;1\/3&#8243;][\/vc_column_inner][vc_column_inner width=&#8221;1\/3&#8243;][vc_single_image image=&#8221;4191&#8243; img_size=&#8221;medium&#8221;][\/vc_column_inner][vc_column_inner width=&#8221;1\/3&#8243;][\/vc_column_inner][\/vc_row_inner][vc_column_text] Pol\u00edtica de privacidade Quem somos O endere\u00e7o do nosso site \u00e9: https:\/\/goglobal.multilevel.network\/brasil.\u00a0Somos uma equipe de representantes que orientam voc\u00ea a se tornar um cliente GO GLOBAL atrav\u00e9s desta p\u00e1gina.\u00a0O nosso meio de contacto \u00e9 atrav\u00e9s deste link\u00a0\u00a0Contacte-nos\u00a0\u00a0\u00a0onde ter\u00e1 todos os meios acess\u00edveis para nos contactar. Quais dados pessoais coletamos e por qu\u00ea Os dados pessoais que coletamos, como: Nome Completo, Nacionalidade, Data de Nascimento, Endere\u00e7o Residencial Completo, N\u00famero da Casa, C\u00f3digo Postal, Celular, Sua Cidade, Seu Estado, Seu Email, Qual \u00e9 o RG da pessoa que te convidou to GO GLOBAL, foto para seu\u2026","og_url":"https:\/\/goglobal.multilevel.network\/brasil\/politica-de-privacidade\/","og_site_name":"GO GLOBAL | CADASTRO | GOGLOBAL NETWORK | BRASIL","article_modified_time":"2023-02-17T01:58:56+00:00","og_image":[{"width":1124,"height":1124,"url":"https:\/\/goglobal.multilevel.network\/brasil\/wp-content\/uploads\/2023\/02\/PAGE-COVER-PRIVACY-POLICY-GO-GLOBAL-NETWORK.jpg","type":"image\/jpeg"}],"twitter_card":"summary_large_image","twitter_misc":{"Est. tempo de leitura":"7 minutos"},"schema":{"@context":"https:\/\/schema.org","@graph":[{"@type":"WebPage","@id":"https:\/\/goglobal.multilevel.network\/brasil\/politica-de-privacidade\/","url":"https:\/\/goglobal.multilevel.network\/brasil\/politica-de-privacidade\/","name":"Pol\u00edtica de Privacidade - GO GLOBAL | CADASTRO | GOGLOBAL NETWORK | BRASIL","isPartOf":{"@id":"https:\/\/goglobal.multilevel.network\/brasil\/#website"},"primaryImageOfPage":{"@id":"https:\/\/goglobal.multilevel.network\/brasil\/politica-de-privacidade\/#primaryimage"},"image":{"@id":"https:\/\/goglobal.multilevel.network\/brasil\/politica-de-privacidade\/#primaryimage"},"thumbnailUrl":"https:\/\/goglobal.multilevel.network\/brasil\/wp-content\/uploads\/2023\/02\/PAGE-COVER-PRIVACY-POLICY-GO-GLOBAL-NETWORK.jpg","datePublished":"2023-02-13T16:43:13+00:00","dateModified":"2023-02-17T01:58:56+00:00","breadcrumb":{"@id":"https:\/\/goglobal.multilevel.network\/brasil\/politica-de-privacidade\/#breadcrumb"},"inLanguage":"pt-BR","potentialAction":[{"@type":"ReadAction","target":["https:\/\/goglobal.multilevel.network\/brasil\/politica-de-privacidade\/"]}]},{"@type":"ImageObject","inLanguage":"pt-BR","@id":"https:\/\/goglobal.multilevel.network\/brasil\/politica-de-privacidade\/#primaryimage","url":"https:\/\/goglobal.multilevel.network\/brasil\/wp-content\/uploads\/2023\/02\/PAGE-COVER-PRIVACY-POLICY-GO-GLOBAL-NETWORK.jpg","contentUrl":"https:\/\/goglobal.multilevel.network\/brasil\/wp-content\/uploads\/2023\/02\/PAGE-COVER-PRIVACY-POLICY-GO-GLOBAL-NETWORK.jpg","width":1124,"height":1124,"caption":"PAGE COVER PRIVACY POLICY GO GLOBAL NETWORK"},{"@type":"BreadcrumbList","@id":"https:\/\/goglobal.multilevel.network\/brasil\/politica-de-privacidade\/#breadcrumb","itemListElement":[{"@type":"ListItem","position":1,"name":"Home","item":"https:\/\/goglobal.multilevel.network\/brasil\/"},{"@type":"ListItem","position":2,"name":"Pol\u00edtica de Privacidade"}]},{"@type":"WebSite","@id":"https:\/\/goglobal.multilevel.network\/brasil\/#website","url":"https:\/\/goglobal.multilevel.network\/brasil\/","name":"GO GLOBAL | CADASTRO | GOGLOBAL NETWORK | BRASIL","description":"GO GLOBAL | Cadastro | Brasil | Ganhe renda residual com produtos educacionais no modelo de Marketing Multin\u00edvel GOGLOBAL NETWORK","publisher":{"@id":"https:\/\/goglobal.multilevel.network\/brasil\/#organization"},"potentialAction":[{"@type":"SearchAction","target":{"@type":"EntryPoint","urlTemplate":"https:\/\/goglobal.multilevel.network\/brasil\/?s={search_term_string}"},"query-input":{"@type":"PropertyValueSpecification","valueRequired":true,"valueName":"search_term_string"}}],"inLanguage":"pt-BR"},{"@type":"Organization","@id":"https:\/\/goglobal.multilevel.network\/brasil\/#organization","name":"GO GLOBAL | CADASTRO | GOGLOBAL NETWORK | BRASIL","url":"https:\/\/goglobal.multilevel.network\/brasil\/","logo":{"@type":"ImageObject","inLanguage":"pt-BR","@id":"https:\/\/goglobal.multilevel.network\/brasil\/#\/schema\/logo\/image\/","url":"https:\/\/goglobal.multilevel.network\/brasil\/wp-content\/uploads\/2023\/02\/logo-goglobal-multilevel-network-1.png","contentUrl":"https:\/\/goglobal.multilevel.network\/brasil\/wp-content\/uploads\/2023\/02\/logo-goglobal-multilevel-network-1.png","width":2700,"height":693,"caption":"GO GLOBAL | CADASTRO | GOGLOBAL NETWORK | BRASIL"},"image":{"@id":"https:\/\/goglobal.multilevel.network\/brasil\/#\/schema\/logo\/image\/"}}]}},"_links":{"self":[{"href":"https:\/\/goglobal.multilevel.network\/brasil\/wp-json\/wp\/v2\/pages\/3482","targetHints":{"allow":["GET"]}}],"collection":[{"href":"https:\/\/goglobal.multilevel.network\/brasil\/wp-json\/wp\/v2\/pages"}],"about":[{"href":"https:\/\/goglobal.multilevel.network\/brasil\/wp-json\/wp\/v2\/types\/page"}],"author":[{"embeddable":true,"href":"https:\/\/goglobal.multilevel.network\/brasil\/wp-json\/wp\/v2\/users\/1"}],"replies":[{"embeddable":true,"href":"https:\/\/goglobal.multilevel.network\/brasil\/wp-json\/wp\/v2\/comments?post=3482"}],"version-history":[{"count":14,"href":"https:\/\/goglobal.multilevel.network\/brasil\/wp-json\/wp\/v2\/pages\/3482\/revisions"}],"predecessor-version":[{"id":4526,"href":"https:\/\/goglobal.multilevel.network\/brasil\/wp-json\/wp\/v2\/pages\/3482\/revisions\/4526"}],"wp:featuredmedia":[{"embeddable":true,"href":"https:\/\/goglobal.multilevel.network\/brasil\/wp-json\/wp\/v2\/media\/4192"}],"wp:attachment":[{"href":"https:\/\/goglobal.multilevel.network\/brasil\/wp-json\/wp\/v2\/media?parent=3482"}],"wp:term":[{"taxonomy":"post_tag","embeddable":true,"href":"https:\/\/goglobal.multilevel.network\/brasil\/wp-json\/wp\/v2\/tags?post=3482"}],"curies":[{"name":"wp","href":"https:\/\/api.w.org\/{rel}","templated":true}]}}