{"id":451,"date":"2023-02-15T05:10:04","date_gmt":"2023-02-15T05:10:04","guid":{"rendered":"http:\/\/bandeiracoin.com.br\/?page_id=451"},"modified":"2023-03-05T13:09:31","modified_gmt":"2023-03-05T13:09:31","slug":"encontrar-um-consultor-go-global","status":"publish","type":"page","link":"https:\/\/goglobal.multilevel.network\/brasil\/encontrar-um-consultor-go-global\/","title":{"rendered":"Encontrar um Consultor GO Global"},"content":{"rendered":"[vc_row][vc_column][vc_row_inner][vc_column_inner width=&#8221;1\/4&#8243;][\/vc_column_inner][vc_column_inner width=&#8221;1\/2&#8243;][vc_single_image image=&#8221;4112&#8243; img_size=&#8221;full&#8221; alignment=&#8221;center&#8221; css_animation=&#8221;flipInX&#8221;][\/vc_column_inner][vc_column_inner width=&#8221;1\/4&#8243;][\/vc_column_inner][\/vc_row_inner][vc_row_inner][vc_column_inner width=&#8221;1\/6&#8243;][\/vc_column_inner][vc_column_inner width=&#8221;2\/3&#8243;][vc_custom_heading text=&#8221;Encontre um<b> Consultor GO GLOBAL <\/b> perto de voc\u00ea!&#8221; font_container=&#8221;tag:h2|font_size:28|text_align:center|color:%2310093a&#8221; google_fonts=&#8221;font_family:Nunito%3A300%2Cregular%2C700|font_style:700%20bold%20regular%3A700%3Anormal&#8221;][vc_custom_heading text=&#8221;Se voc\u00ea tem interesse em investir seu dinheiro para ganhar mais do que o mercado convencional paga,<br \/>\nescolha abaixo um de nossos Consultores perto de voc\u00ea!&#8221; font_container=&#8221;tag:h2|font_size:24|text_align:center|color:%2300fc75&#8243; google_fonts=&#8221;font_family:Quantico%3Aregular%2Citalic%2C700%2C700italic|font_style:700%20bold%20italic%3A700%3Aitalic&#8221;][vc_custom_heading text=&#8221;Se ainda n\u00e3o tem nenhum na sua regi\u00e3o<br \/>\nseja voc\u00ea o primeiro!&#8221; font_container=&#8221;tag:h2|font_size:30|text_align:center|color:%23ddb500&#8243; google_fonts=&#8221;font_family:Quantico%3Aregular%2Citalic%2C700%2C700italic|font_style:700%20bold%20italic%3A700%3Aitalic&#8221;][\/vc_column_inner][vc_column_inner width=&#8221;1\/6&#8243;][\/vc_column_inner][\/vc_row_inner][vc_row_inner][vc_column_inner width=&#8221;1\/3&#8243;][\/vc_column_inner][vc_column_inner width=&#8221;1\/3&#8243;][vc_column_text]Escolha seu estado e munic\u00edpio na lista abaixo:[\/vc_column_text][vc_wp_categories title=&#8221;Estados \/ Cidades&#8221; options=&#8221;dropdown,hierarchical&#8221;][vc_column_text]Clique em Pesquisar ap\u00f3s selecionar o estado ou cidade[\/vc_column_text][\/vc_column_inner][vc_column_inner width=&#8221;1\/3&#8243;][\/vc_column_inner][\/vc_row_inner][\/vc_column][\/vc_row]\n","protected":false},"excerpt":{"rendered":"<p>[vc_row][vc_column][vc_row_inner][vc_column_inner width=&#8221;1\/4&#8243;][\/vc_column_inner][vc_column_inner width=&#8221;1\/2&#8243;][vc_single_image image=&#8221;4112&#8243; img_size=&#8221;full&#8221; alignment=&#8221;center&#8221; css_animation=&#8221;flipInX&#8221;][\/vc_column_inner][vc_column_inner width=&#8221;1\/4&#8243;][\/vc_column_inner][\/vc_row_inner][vc_row_inner][vc_column_inner width=&#8221;1\/6&#8243;][\/vc_column_inner][vc_column_inner width=&#8221;2\/3&#8243;][vc_custom_heading text=&#8221;Encontre um Consultor GO GLOBAL perto de voc\u00ea!&#8221; font_container=&#8221;tag:h2|font_size:28|text_align:center|color:%2310093a&#8221; google_fonts=&#8221;font_family:Nunito%3A300%2Cregular%2C700|font_style:700%20bold%20regular%3A700%3Anormal&#8221;][vc_custom_heading text=&#8221;Se voc\u00ea tem interesse em investir seu dinheiro para ganhar mais do que o mercado convencional paga, escolha abaixo um de nossos Consultores perto de voc\u00ea!&#8221; font_container=&#8221;tag:h2|font_size:24|text_align:center|color:%2300fc75&#8243; google_fonts=&#8221;font_family:Quantico%3Aregular%2Citalic%2C700%2C700italic|font_style:700%20bold%20italic%3A700%3Aitalic&#8221;][vc_custom_heading text=&#8221;Se ainda n\u00e3o tem nenhum na sua regi\u00e3o seja voc\u00ea o primeiro!&#8221; font_container=&#8221;tag:h2|font_size:30|text_align:center|color:%23ddb500&#8243; google_fonts=&#8221;font_family:Quantico%3Aregular%2Citalic%2C700%2C700italic|font_style:700%20bold%20italic%3A700%3Aitalic&#8221;][\/vc_column_inner][vc_column_inner width=&#8221;1\/6&#8243;][\/vc_column_inner][\/vc_row_inner][vc_row_inner][vc_column_inner width=&#8221;1\/3&#8243;][\/vc_column_inner][vc_column_inner width=&#8221;1\/3&#8243;][vc_column_text]Escolha seu estado e munic\u00edpio na lista abaixo:[\/vc_column_text][vc_wp_categories title=&#8221;Estados \/ Cidades&#8221; options=&#8221;dropdown,hierarchical&#8221;][vc_column_text]Clique em Pesquisar ap\u00f3s selecionar o estado ou cidade[\/vc_column_text][\/vc_column_inner][vc_column_inner width=&#8221;1\/3&#8243;][\/vc_column_inner][\/vc_row_inner][\/vc_column][\/vc_row]<\/p>\n","protected":false},"author":1,"featured_media":4111,"parent":0,"menu_order":0,"comment_status":"closed","ping_status":"closed","template":"elementor_header_footer","meta":{"footnotes":""},"tags":[],"class_list":["post-451","page","type-page","status-publish","has-post-thumbnail","hentry"],"blocksy_meta":{"styles_descriptor":{"styles":{"desktop":"","tablet":"","mobile":""},"google_fonts":[],"version":5}},"yoast_head":"<!-- This site is optimized with the Yoast SEO plugin v27.1.1 - https:\/\/yoast.com\/product\/yoast-seo-wordpress\/ -->\n<title>Encontrar um Consultor GO Global<\/title>\n<meta name=\"description\" content=\"Encontre um Consultor GO GLOBAL pr\u00f3ximo \u00e0 sua Regi\u00e3o do BRASIL para se inscrever e entender melhor como obter melhores resultados.\" \/>\n<meta name=\"robots\" content=\"index, follow, max-snippet:-1, max-image-preview:large, max-video-preview:-1\" \/>\n<link rel=\"canonical\" href=\"https:\/\/goglobal.multilevel.network\/brasil\/encontrar-um-consultor-go-global\/\" \/>\n<meta property=\"og:locale\" content=\"pt_BR\" \/>\n<meta property=\"og:type\" content=\"article\" \/>\n<meta property=\"og:title\" content=\"Encontrar um Consultor GO Global\" \/>\n<meta property=\"og:description\" content=\"Encontre um Consultor GO GLOBAL pr\u00f3ximo \u00e0 sua Regi\u00e3o do BRASIL para se inscrever e entender melhor como obter melhores resultados.\" \/>\n<meta property=\"og:url\" content=\"https:\/\/goglobal.multilevel.network\/brasil\/encontrar-um-consultor-go-global\/\" \/>\n<meta property=\"og:site_name\" content=\"GO GLOBAL | CADASTRO | GOGLOBAL NETWORK | BRASIL\" \/>\n<meta property=\"article:modified_time\" content=\"2023-03-05T13:09:31+00:00\" \/>\n<meta property=\"og:image\" content=\"https:\/\/goglobal.multilevel.network\/brasil\/wp-content\/uploads\/2023\/02\/PAGE-COVER-FIND-A-CONSULTANT-GO-GLOBAL.jpg\" \/>\n\t<meta property=\"og:image:width\" content=\"1124\" \/>\n\t<meta property=\"og:image:height\" content=\"1124\" \/>\n\t<meta property=\"og:image:type\" content=\"image\/jpeg\" \/>\n<meta name=\"twitter:card\" content=\"summary_large_image\" \/>\n<meta name=\"twitter:label1\" content=\"Est. tempo de leitura\" \/>\n\t<meta name=\"twitter:data1\" content=\"1 minuto\" \/>\n<script type=\"application\/ld+json\" class=\"yoast-schema-graph\">{\"@context\":\"https:\/\/schema.org\",\"@graph\":[{\"@type\":\"WebPage\",\"@id\":\"https:\/\/goglobal.multilevel.network\/brasil\/encontrar-um-consultor-go-global\/\",\"url\":\"https:\/\/goglobal.multilevel.network\/brasil\/encontrar-um-consultor-go-global\/\",\"name\":\"Encontrar um Consultor GO Global\",\"isPartOf\":{\"@id\":\"https:\/\/goglobal.multilevel.network\/brasil\/#website\"},\"primaryImageOfPage\":{\"@id\":\"https:\/\/goglobal.multilevel.network\/brasil\/encontrar-um-consultor-go-global\/#primaryimage\"},\"image\":{\"@id\":\"https:\/\/goglobal.multilevel.network\/brasil\/encontrar-um-consultor-go-global\/#primaryimage\"},\"thumbnailUrl\":\"https:\/\/goglobal.multilevel.network\/brasil\/wp-content\/uploads\/2023\/02\/PAGE-COVER-FIND-A-CONSULTANT-GO-GLOBAL.jpg\",\"datePublished\":\"2023-02-15T05:10:04+00:00\",\"dateModified\":\"2023-03-05T13:09:31+00:00\",\"description\":\"Encontre um Consultor GO GLOBAL pr\u00f3ximo \u00e0 sua Regi\u00e3o do BRASIL para se inscrever e entender melhor como obter melhores resultados.\",\"breadcrumb\":{\"@id\":\"https:\/\/goglobal.multilevel.network\/brasil\/encontrar-um-consultor-go-global\/#breadcrumb\"},\"inLanguage\":\"pt-BR\",\"potentialAction\":[{\"@type\":\"ReadAction\",\"target\":[\"https:\/\/goglobal.multilevel.network\/brasil\/encontrar-um-consultor-go-global\/\"]}]},{\"@type\":\"ImageObject\",\"inLanguage\":\"pt-BR\",\"@id\":\"https:\/\/goglobal.multilevel.network\/brasil\/encontrar-um-consultor-go-global\/#primaryimage\",\"url\":\"https:\/\/goglobal.multilevel.network\/brasil\/wp-content\/uploads\/2023\/02\/PAGE-COVER-FIND-A-CONSULTANT-GO-GLOBAL.jpg\",\"contentUrl\":\"https:\/\/goglobal.multilevel.network\/brasil\/wp-content\/uploads\/2023\/02\/PAGE-COVER-FIND-A-CONSULTANT-GO-GLOBAL.jpg\",\"width\":1124,\"height\":1124,\"caption\":\"PAGE COVER FIND A CONSULTANT GO GLOBAL\"},{\"@type\":\"BreadcrumbList\",\"@id\":\"https:\/\/goglobal.multilevel.network\/brasil\/encontrar-um-consultor-go-global\/#breadcrumb\",\"itemListElement\":[{\"@type\":\"ListItem\",\"position\":1,\"name\":\"Home\",\"item\":\"https:\/\/goglobal.multilevel.network\/brasil\/\"},{\"@type\":\"ListItem\",\"position\":2,\"name\":\"Encontrar um Consultor GO Global\"}]},{\"@type\":\"WebSite\",\"@id\":\"https:\/\/goglobal.multilevel.network\/brasil\/#website\",\"url\":\"https:\/\/goglobal.multilevel.network\/brasil\/\",\"name\":\"GO GLOBAL | CADASTRO | GOGLOBAL NETWORK | BRASIL\",\"description\":\"GO GLOBAL | Cadastro | Brasil | Ganhe renda residual com produtos educacionais no modelo de Marketing Multin\u00edvel GOGLOBAL NETWORK\",\"publisher\":{\"@id\":\"https:\/\/goglobal.multilevel.network\/brasil\/#organization\"},\"potentialAction\":[{\"@type\":\"SearchAction\",\"target\":{\"@type\":\"EntryPoint\",\"urlTemplate\":\"https:\/\/goglobal.multilevel.network\/brasil\/?s={search_term_string}\"},\"query-input\":{\"@type\":\"PropertyValueSpecification\",\"valueRequired\":true,\"valueName\":\"search_term_string\"}}],\"inLanguage\":\"pt-BR\"},{\"@type\":\"Organization\",\"@id\":\"https:\/\/goglobal.multilevel.network\/brasil\/#organization\",\"name\":\"GO GLOBAL | CADASTRO | GOGLOBAL NETWORK | BRASIL\",\"url\":\"https:\/\/goglobal.multilevel.network\/brasil\/\",\"logo\":{\"@type\":\"ImageObject\",\"inLanguage\":\"pt-BR\",\"@id\":\"https:\/\/goglobal.multilevel.network\/brasil\/#\/schema\/logo\/image\/\",\"url\":\"https:\/\/goglobal.multilevel.network\/brasil\/wp-content\/uploads\/2023\/02\/logo-goglobal-multilevel-network-1.png\",\"contentUrl\":\"https:\/\/goglobal.multilevel.network\/brasil\/wp-content\/uploads\/2023\/02\/logo-goglobal-multilevel-network-1.png\",\"width\":2700,\"height\":693,\"caption\":\"GO GLOBAL | CADASTRO | GOGLOBAL NETWORK | BRASIL\"},\"image\":{\"@id\":\"https:\/\/goglobal.multilevel.network\/brasil\/#\/schema\/logo\/image\/\"}}]}<\/script>\n<!-- \/ Yoast SEO plugin. -->","yoast_head_json":{"title":"Encontrar um Consultor GO Global","description":"Encontre um Consultor GO GLOBAL pr\u00f3ximo \u00e0 sua Regi\u00e3o do BRASIL para se inscrever e entender melhor como obter melhores resultados.","robots":{"index":"index","follow":"follow","max-snippet":"max-snippet:-1","max-image-preview":"max-image-preview:large","max-video-preview":"max-video-preview:-1"},"canonical":"https:\/\/goglobal.multilevel.network\/brasil\/encontrar-um-consultor-go-global\/","og_locale":"pt_BR","og_type":"article","og_title":"Encontrar um Consultor GO Global","og_description":"Encontre um Consultor GO GLOBAL pr\u00f3ximo \u00e0 sua Regi\u00e3o do BRASIL para se inscrever e entender melhor como obter melhores resultados.","og_url":"https:\/\/goglobal.multilevel.network\/brasil\/encontrar-um-consultor-go-global\/","og_site_name":"GO GLOBAL | CADASTRO | GOGLOBAL NETWORK | BRASIL","article_modified_time":"2023-03-05T13:09:31+00:00","og_image":[{"width":1124,"height":1124,"url":"https:\/\/goglobal.multilevel.network\/brasil\/wp-content\/uploads\/2023\/02\/PAGE-COVER-FIND-A-CONSULTANT-GO-GLOBAL.jpg","type":"image\/jpeg"}],"twitter_card":"summary_large_image","twitter_misc":{"Est. tempo de leitura":"1 minuto"},"schema":{"@context":"https:\/\/schema.org","@graph":[{"@type":"WebPage","@id":"https:\/\/goglobal.multilevel.network\/brasil\/encontrar-um-consultor-go-global\/","url":"https:\/\/goglobal.multilevel.network\/brasil\/encontrar-um-consultor-go-global\/","name":"Encontrar um Consultor GO Global","isPartOf":{"@id":"https:\/\/goglobal.multilevel.network\/brasil\/#website"},"primaryImageOfPage":{"@id":"https:\/\/goglobal.multilevel.network\/brasil\/encontrar-um-consultor-go-global\/#primaryimage"},"image":{"@id":"https:\/\/goglobal.multilevel.network\/brasil\/encontrar-um-consultor-go-global\/#primaryimage"},"thumbnailUrl":"https:\/\/goglobal.multilevel.network\/brasil\/wp-content\/uploads\/2023\/02\/PAGE-COVER-FIND-A-CONSULTANT-GO-GLOBAL.jpg","datePublished":"2023-02-15T05:10:04+00:00","dateModified":"2023-03-05T13:09:31+00:00","description":"Encontre um Consultor GO GLOBAL pr\u00f3ximo \u00e0 sua Regi\u00e3o do BRASIL para se inscrever e entender melhor como obter melhores resultados.","breadcrumb":{"@id":"https:\/\/goglobal.multilevel.network\/brasil\/encontrar-um-consultor-go-global\/#breadcrumb"},"inLanguage":"pt-BR","potentialAction":[{"@type":"ReadAction","target":["https:\/\/goglobal.multilevel.network\/brasil\/encontrar-um-consultor-go-global\/"]}]},{"@type":"ImageObject","inLanguage":"pt-BR","@id":"https:\/\/goglobal.multilevel.network\/brasil\/encontrar-um-consultor-go-global\/#primaryimage","url":"https:\/\/goglobal.multilevel.network\/brasil\/wp-content\/uploads\/2023\/02\/PAGE-COVER-FIND-A-CONSULTANT-GO-GLOBAL.jpg","contentUrl":"https:\/\/goglobal.multilevel.network\/brasil\/wp-content\/uploads\/2023\/02\/PAGE-COVER-FIND-A-CONSULTANT-GO-GLOBAL.jpg","width":1124,"height":1124,"caption":"PAGE COVER FIND A CONSULTANT GO GLOBAL"},{"@type":"BreadcrumbList","@id":"https:\/\/goglobal.multilevel.network\/brasil\/encontrar-um-consultor-go-global\/#breadcrumb","itemListElement":[{"@type":"ListItem","position":1,"name":"Home","item":"https:\/\/goglobal.multilevel.network\/brasil\/"},{"@type":"ListItem","position":2,"name":"Encontrar um Consultor GO Global"}]},{"@type":"WebSite","@id":"https:\/\/goglobal.multilevel.network\/brasil\/#website","url":"https:\/\/goglobal.multilevel.network\/brasil\/","name":"GO GLOBAL | CADASTRO | GOGLOBAL NETWORK | BRASIL","description":"GO GLOBAL | Cadastro | Brasil | Ganhe renda residual com produtos educacionais no modelo de Marketing Multin\u00edvel GOGLOBAL NETWORK","publisher":{"@id":"https:\/\/goglobal.multilevel.network\/brasil\/#organization"},"potentialAction":[{"@type":"SearchAction","target":{"@type":"EntryPoint","urlTemplate":"https:\/\/goglobal.multilevel.network\/brasil\/?s={search_term_string}"},"query-input":{"@type":"PropertyValueSpecification","valueRequired":true,"valueName":"search_term_string"}}],"inLanguage":"pt-BR"},{"@type":"Organization","@id":"https:\/\/goglobal.multilevel.network\/brasil\/#organization","name":"GO GLOBAL | CADASTRO | GOGLOBAL NETWORK | BRASIL","url":"https:\/\/goglobal.multilevel.network\/brasil\/","logo":{"@type":"ImageObject","inLanguage":"pt-BR","@id":"https:\/\/goglobal.multilevel.network\/brasil\/#\/schema\/logo\/image\/","url":"https:\/\/goglobal.multilevel.network\/brasil\/wp-content\/uploads\/2023\/02\/logo-goglobal-multilevel-network-1.png","contentUrl":"https:\/\/goglobal.multilevel.network\/brasil\/wp-content\/uploads\/2023\/02\/logo-goglobal-multilevel-network-1.png","width":2700,"height":693,"caption":"GO GLOBAL | CADASTRO | GOGLOBAL NETWORK | BRASIL"},"image":{"@id":"https:\/\/goglobal.multilevel.network\/brasil\/#\/schema\/logo\/image\/"}}]}},"_links":{"self":[{"href":"https:\/\/goglobal.multilevel.network\/brasil\/wp-json\/wp\/v2\/pages\/451","targetHints":{"allow":["GET"]}}],"collection":[{"href":"https:\/\/goglobal.multilevel.network\/brasil\/wp-json\/wp\/v2\/pages"}],"about":[{"href":"https:\/\/goglobal.multilevel.network\/brasil\/wp-json\/wp\/v2\/types\/page"}],"author":[{"embeddable":true,"href":"https:\/\/goglobal.multilevel.network\/brasil\/wp-json\/wp\/v2\/users\/1"}],"replies":[{"embeddable":true,"href":"https:\/\/goglobal.multilevel.network\/brasil\/wp-json\/wp\/v2\/comments?post=451"}],"version-history":[{"count":11,"href":"https:\/\/goglobal.multilevel.network\/brasil\/wp-json\/wp\/v2\/pages\/451\/revisions"}],"predecessor-version":[{"id":4506,"href":"https:\/\/goglobal.multilevel.network\/brasil\/wp-json\/wp\/v2\/pages\/451\/revisions\/4506"}],"wp:featuredmedia":[{"embeddable":true,"href":"https:\/\/goglobal.multilevel.network\/brasil\/wp-json\/wp\/v2\/media\/4111"}],"wp:attachment":[{"href":"https:\/\/goglobal.multilevel.network\/brasil\/wp-json\/wp\/v2\/media?parent=451"}],"wp:term":[{"taxonomy":"post_tag","embeddable":true,"href":"https:\/\/goglobal.multilevel.network\/brasil\/wp-json\/wp\/v2\/tags?post=451"}],"curies":[{"name":"wp","href":"https:\/\/api.w.org\/{rel}","templated":true}]}}