{"id":2294,"date":"2023-02-13T18:23:04","date_gmt":"2023-02-13T18:23:04","guid":{"rendered":"http:\/\/bandeiracoin.com.br\/?page_id=2294"},"modified":"2023-03-03T17:09:08","modified_gmt":"2023-03-03T17:09:08","slug":"grupos-de-whatsapp","status":"publish","type":"page","link":"https:\/\/goglobal.multilevel.network\/colombia\/grupos-de-whatsapp\/","title":{"rendered":"Grupos de WhatsApp"},"content":{"rendered":"[vc_row][vc_column width=\u00bb1\/6&#8243;][\/vc_column][vc_column width=\u00bb2\/3&#8243;][vc_custom_heading source=\u00bbpost_title\u00bb font_container=\u00bbtag:h1|font_size:40|text_align:center|color:%234c962e\u00bb google_fonts=\u00bbfont_family:Nunito%3A300%2Cregular%2C700|font_style:700%20bold%20regular%3A700%3Anormal\u00bb][vc_row_inner][vc_column_inner width=\u00bb1\/3&#8243;][\/vc_column_inner][vc_column_inner width=\u00bb1\/3&#8243;][vc_single_image image=\u00bb4202&#8243; img_size=\u00bbfull\u00bb alignment=\u00bbcenter\u00bb css_animation=\u00bbslideInUp\u00bb][\/vc_column_inner][vc_column_inner width=\u00bb1\/3&#8243;][\/vc_column_inner][\/vc_row_inner][vc_row_inner][vc_column_inner][vc_custom_heading text=\u00bbEncuentre un grupo de WhatsApp en su estado o regi\u00f3n\u00bb font_container=\u00bbtag:h1|font_size:30|text_align:center\u00bb google_fonts=\u00bbfont_family:Nunito%3A300%2Cregular%2C700|font_style:700%20bold%20regular%3A700%3Anormal\u00bb css_animation=\u00bbslideInRight\u00bb][\/vc_column_inner][\/vc_row_inner][vc_tta_tabs title_tag=\u00bbh3&#8243; style=\u00bboutline\u00bb shape=\u00bbround\u00bb color=\u00bbgreen\u00bb spacing=\u00bb\u00bb alignment=\u00bbcenter\u00bb active_section=\u00bb1&#8243;][vc_tta_section i_icon_fontawesome=\u00bbfas fa-globe-asia\u00bb add_icon=\u00bbtrue\u00bb title=\u00bbRegi\u00f3nes\u00bb tab_id=\u00bbAll Regions\u00bb][vc_row_inner css=\u00bb.vc_custom_1676376212861{background-image: url(https:\/\/goglobal.multilevel.network\/colombia\/wp-content\/uploads\/2023\/02\/background-globe-blue-go-global-multilevel-network.jpg?id=4088) !important;background-position: center !important;background-repeat: no-repeat !important;background-size: cover !important;border-radius: 15px !important;}\u00bb][vc_column_inner css=\u00bb.vc_custom_1657110784089{background-color: rgba(0,0,0,0.75) !important;*background-color: rgb(0,0,0) !important;border-radius: 25px !important;}\u00bb][vc_column_text]\n<ul>\n<li>\n<h4><a href=\"https:\/\/goglobal.multilevel.network\/colombia\/whatsappregiones\"><span style=\"color: #ffcc00;\">Amazonas<\/span><\/a><\/h4>\n<\/li>\n<li>\n<h4><a href=\"https:\/\/goglobal.multilevel.network\/colombia\/whatsappregiones\"><span style=\"color: #ffcc00;\">Antioquia<\/span><\/a><\/h4>\n<\/li>\n<li>\n<h4><a href=\"https:\/\/goglobal.multilevel.network\/colombia\/whatsappregiones\"><span style=\"color: #ffcc00;\">Arauca<\/span><\/a><\/h4>\n<\/li>\n<li>\n<h4><a href=\"https:\/\/goglobal.multilevel.network\/colombia\/whatsappregiones\"><span style=\"color: #ffcc00;\"> Atl\u00e1ntico<\/span><\/a><\/h4>\n<\/li>\n<li>\n<h4><a href=\"https:\/\/goglobal.multilevel.network\/colombia\/whatsappregiones\"><span style=\"color: #ffcc00;\"> Bol\u00edvar<\/span><\/a><\/h4>\n<\/li>\n<li>\n<h4><a href=\"https:\/\/goglobal.multilevel.network\/colombia\/whatsappregiones\"><span style=\"color: #ffcc00;\"> Boyac\u00e1<\/span><\/a><\/h4>\n<\/li>\n<li>\n<h4><a href=\"https:\/\/goglobal.multilevel.network\/colombia\/whatsappregiones\"><span style=\"color: #ffcc00;\"> Caldas<\/span><\/a><\/h4>\n<\/li>\n<li>\n<h4><a href=\"https:\/\/goglobal.multilevel.network\/colombia\/whatsappregiones\"><span style=\"color: #ffcc00;\"> Caquet\u00e1<\/span><\/a><\/h4>\n<\/li>\n<li>\n<h4><a href=\"https:\/\/goglobal.multilevel.network\/colombia\/whatsappregiones\"><span style=\"color: #ffcc00;\"> Casanare<\/span><\/a><\/h4>\n<\/li>\n<li>\n<h4><a href=\"https:\/\/goglobal.multilevel.network\/colombia\/whatsappregiones\"><span style=\"color: #ffcc00;\"> Cauca<\/span><\/a><\/h4>\n<\/li>\n<li>\n<h4><a href=\"https:\/\/goglobal.multilevel.network\/colombia\/whatsappregiones\"><span style=\"color: #ffcc00;\"> Cesar<\/span><\/a><\/h4>\n<\/li>\n<li>\n<h4><a href=\"https:\/\/goglobal.multilevel.network\/colombia\/whatsappregiones\"><span style=\"color: #ffcc00;\"> Choc\u00f3<\/span><\/a><\/h4>\n<\/li>\n<li>\n<h4><a href=\"https:\/\/goglobal.multilevel.network\/colombia\/whatsappregiones\"><span style=\"color: #ffcc00;\"> C\u00f3rdoba<\/span><\/a><\/h4>\n<\/li>\n<li>\n<h4><a href=\"https:\/\/goglobal.multilevel.network\/colombia\/whatsappregiones\"><span style=\"color: #ffcc00;\"> Cundinamarca<\/span><\/a><\/h4>\n<\/li>\n<li>\n<h4><a href=\"https:\/\/goglobal.multilevel.network\/colombia\/whatsappregiones\"><span style=\"color: #ffcc00;\"> Distrito Capital<\/span><\/a><\/h4>\n<\/li>\n<li>\n<h4><a href=\"https:\/\/goglobal.multilevel.network\/colombia\/whatsappregiones\"><span style=\"color: #ffcc00;\"> Guain\u00eda<\/span><\/a><\/h4>\n<\/li>\n<li>\n<h4><a href=\"https:\/\/goglobal.multilevel.network\/colombia\/whatsappregiones\"><span style=\"color: #ffcc00;\"> Guaviare<\/span><\/a><\/h4>\n<\/li>\n<li>\n<h4><a href=\"https:\/\/goglobal.multilevel.network\/colombia\/whatsappregiones\"><span style=\"color: #ffcc00;\"> Huila<\/span><\/a><\/h4>\n<\/li>\n<li>\n<h4><a href=\"https:\/\/goglobal.multilevel.network\/colombia\/whatsappregiones\"><span style=\"color: #ffcc00;\"> La Guajira (departamento)<\/span><\/a><\/h4>\n<\/li>\n<li>\n<h4><a href=\"https:\/\/goglobal.multilevel.network\/colombia\/whatsappregiones\"><span style=\"color: #ffcc00;\"> Magdalena<\/span><\/a><\/h4>\n<\/li>\n<li>\n<h4><a href=\"https:\/\/goglobal.multilevel.network\/colombia\/whatsappregiones\"><span style=\"color: #ffcc00;\"> Meta<\/span><\/a><\/h4>\n<\/li>\n<li>\n<h4><a href=\"https:\/\/goglobal.multilevel.network\/colombia\/whatsappregiones\"><span style=\"color: #ffcc00;\"> Nari\u00f1o<\/span><\/a><\/h4>\n<\/li>\n<li>\n<h4><a href=\"https:\/\/goglobal.multilevel.network\/colombia\/whatsappregiones\"><span style=\"color: #ffcc00;\"> Norte de Santander<\/span><\/a><\/h4>\n<\/li>\n<li>\n<h4><a href=\"https:\/\/goglobal.multilevel.network\/colombia\/whatsappregiones\"><span style=\"color: #ffcc00;\"> Putumayo<\/span><\/a><\/h4>\n<\/li>\n<li>\n<h4><a href=\"https:\/\/goglobal.multilevel.network\/colombia\/whatsappregiones\"><span style=\"color: #ffcc00;\"> Quind\u00edo<\/span><\/a><\/h4>\n<\/li>\n<li>\n<h4><a href=\"https:\/\/goglobal.multilevel.network\/colombia\/whatsappregiones\"><span style=\"color: #ffcc00;\"> Risaralda<\/span><\/a><\/h4>\n<\/li>\n<li>\n<h4><a href=\"https:\/\/goglobal.multilevel.network\/colombia\/whatsappregiones\"><span style=\"color: #ffcc00;\"> San Andr\u00e9s e Providencia<\/span><\/a><\/h4>\n<\/li>\n<li>\n<h4><a href=\"https:\/\/goglobal.multilevel.network\/colombia\/whatsappregiones\"><span style=\"color: #ffcc00;\"> Santander<\/span><\/a><\/h4>\n<\/li>\n<li>\n<h4><a href=\"https:\/\/goglobal.multilevel.network\/colombia\/whatsappregiones\"><span style=\"color: #ffcc00;\"> Sucre<\/span><\/a><\/h4>\n<\/li>\n<li>\n<h4><a href=\"https:\/\/goglobal.multilevel.network\/colombia\/whatsappregiones\"><span style=\"color: #ffcc00;\"> Tolima<\/span><\/a><\/h4>\n<\/li>\n<li>\n<h4><a href=\"https:\/\/goglobal.multilevel.network\/colombia\/whatsappregiones\"><span style=\"color: #ffcc00;\"> Valle del Cauca<\/span><\/a><\/h4>\n<\/li>\n<li>\n<h4><a href=\"https:\/\/goglobal.multilevel.network\/colombia\/whatsappregiones\"><span style=\"color: #ffcc00;\"> Vaup\u00e9s<\/span><\/a><\/h4>\n<\/li>\n<li>\n<h4><a href=\"https:\/\/goglobal.multilevel.network\/colombia\/whatsappregiones\"><span style=\"color: #ffcc00;\"> Vichada<\/span><\/a><\/h4>\n<\/li>\n<\/ul>\n[\/vc_column_text][\/vc_column_inner][\/vc_row_inner][\/vc_tta_section][\/vc_tta_tabs][\/vc_column][vc_column width=\u00bb1\/6&#8243;][\/vc_column][\/vc_row]\n","protected":false},"excerpt":{"rendered":"<p>[vc_row][vc_column width=\u00bb1\/6&#8243;][\/vc_column][vc_column width=\u00bb2\/3&#8243;][vc_custom_heading source=\u00bbpost_title\u00bb font_container=\u00bbtag:h1|font_size:40|text_align:center|color:%234c962e\u00bb google_fonts=\u00bbfont_family:Nunito%3A300%2Cregular%2C700|font_style:700%20bold%20regular%3A700%3Anormal\u00bb][vc_row_inner][vc_column_inner width=\u00bb1\/3&#8243;][\/vc_column_inner][vc_column_inner width=\u00bb1\/3&#8243;][vc_single_image image=\u00bb4202&#8243; img_size=\u00bbfull\u00bb alignment=\u00bbcenter\u00bb css_animation=\u00bbslideInUp\u00bb][\/vc_column_inner][vc_column_inner width=\u00bb1\/3&#8243;][\/vc_column_inner][\/vc_row_inner][vc_row_inner][vc_column_inner][vc_custom_heading text=\u00bbEncuentre un grupo de WhatsApp en su estado o regi\u00f3n\u00bb font_container=\u00bbtag:h1|font_size:30|text_align:center\u00bb google_fonts=\u00bbfont_family:Nunito%3A300%2Cregular%2C700|font_style:700%20bold%20regular%3A700%3Anormal\u00bb css_animation=\u00bbslideInRight\u00bb][\/vc_column_inner][\/vc_row_inner][vc_tta_tabs title_tag=\u00bbh3&#8243; style=\u00bboutline\u00bb shape=\u00bbround\u00bb color=\u00bbgreen\u00bb spacing=\u00bb\u00bb alignment=\u00bbcenter\u00bb active_section=\u00bb1&#8243;][vc_tta_section i_icon_fontawesome=\u00bbfas fa-globe-asia\u00bb add_icon=\u00bbtrue\u00bb title=\u00bbRegi\u00f3nes\u00bb tab_id=\u00bbAll Regions\u00bb][vc_row_inner css=\u00bb.vc_custom_1676376212861{background-image: url(https:\/\/goglobal.multilevel.network\/colombia\/wp-content\/uploads\/2023\/02\/background-globe-blue-go-global-multilevel-network.jpg?id=4088) !important;background-position: center !important;background-repeat: no-repeat !important;background-size: cover !important;border-radius: 15px !important;}\u00bb][vc_column_inner css=\u00bb.vc_custom_1657110784089{background-color: rgba(0,0,0,0.75) !important;*background-color: rgb(0,0,0) !important;border-radius: 25px !important;}\u00bb][vc_column_text] Amazonas Antioquia Arauca Atl\u00e1ntico Bol\u00edvar Boyac\u00e1 Caldas Caquet\u00e1 Casanare Cauca Cesar Choc\u00f3 C\u00f3rdoba Cundinamarca Distrito Capital Guain\u00eda Guaviare Huila La Guajira (departamento) Magdalena Meta Nari\u00f1o Norte de Santander Putumayo Quind\u00edo Risaralda San Andr\u00e9s e Providencia Santander Sucre Tolima Valle del Cauca Vaup\u00e9s Vichada\u2026<\/p>\n","protected":false},"author":1,"featured_media":4204,"parent":0,"menu_order":0,"comment_status":"closed","ping_status":"closed","template":"elementor_header_footer","meta":{"footnotes":""},"tags":[],"class_list":["post-2294","page","type-page","status-publish","has-post-thumbnail","hentry"],"blocksy_meta":{"styles_descriptor":{"styles":{"desktop":"","tablet":"","mobile":""},"google_fonts":[],"version":5}},"yoast_head":"<!-- This site is optimized with the Yoast SEO plugin v27.3 - https:\/\/yoast.com\/product\/yoast-seo-wordpress\/ -->\n<title>Grupos de WhatsApp - GO GLOBAL | REGISTRO | GOGLOBAL NETWORK | COLOMBIA<\/title>\n<meta name=\"description\" content=\"Grupos de WhatsApp COLOMBIA - Registro GO Global | \u00a1\u00danase a un grupo ahora mismo y sea atendido por un consultor cerca de usted en su regi\u00f3n!\" \/>\n<meta name=\"robots\" content=\"index, follow, max-snippet:-1, max-image-preview:large, max-video-preview:-1\" \/>\n<link rel=\"canonical\" href=\"https:\/\/goglobal.multilevel.network\/colombia\/grupos-de-whatsapp\/\" \/>\n<meta property=\"og:locale\" content=\"es_ES\" \/>\n<meta property=\"og:type\" content=\"article\" \/>\n<meta property=\"og:title\" content=\"Grupos de WhatsApp - GO GLOBAL | REGISTRO | GOGLOBAL NETWORK | COLOMBIA\" \/>\n<meta property=\"og:description\" content=\"Grupos de WhatsApp COLOMBIA - Registro GO Global | \u00a1\u00danase a un grupo ahora mismo y sea atendido por un consultor cerca de usted en su regi\u00f3n!\" \/>\n<meta property=\"og:url\" content=\"https:\/\/goglobal.multilevel.network\/colombia\/grupos-de-whatsapp\/\" \/>\n<meta property=\"og:site_name\" content=\"GO GLOBAL | REGISTRO | GOGLOBAL NETWORK | COLOMBIA\" \/>\n<meta property=\"article:modified_time\" content=\"2023-03-03T17:09:08+00:00\" \/>\n<meta property=\"og:image\" content=\"https:\/\/goglobal.multilevel.network\/colombia\/wp-content\/uploads\/2023\/02\/PAGE-COVER-WHATSAPP-GROUPS-GO-GLOBAL-NETWORK.jpg\" \/>\n\t<meta property=\"og:image:width\" content=\"1124\" \/>\n\t<meta property=\"og:image:height\" content=\"1124\" \/>\n\t<meta property=\"og:image:type\" content=\"image\/jpeg\" \/>\n<meta name=\"twitter:card\" content=\"summary_large_image\" \/>\n<meta name=\"twitter:label1\" content=\"Tiempo de lectura\" \/>\n\t<meta name=\"twitter:data1\" content=\"1 minuto\" \/>\n<script type=\"application\/ld+json\" class=\"yoast-schema-graph\">{\"@context\":\"https:\\\/\\\/schema.org\",\"@graph\":[{\"@type\":\"WebPage\",\"@id\":\"https:\\\/\\\/goglobal.multilevel.network\\\/colombia\\\/grupos-de-whatsapp\\\/\",\"url\":\"https:\\\/\\\/goglobal.multilevel.network\\\/colombia\\\/grupos-de-whatsapp\\\/\",\"name\":\"Grupos de WhatsApp - GO GLOBAL | REGISTRO | GOGLOBAL NETWORK | COLOMBIA\",\"isPartOf\":{\"@id\":\"https:\\\/\\\/goglobal.multilevel.network\\\/colombia\\\/#website\"},\"primaryImageOfPage\":{\"@id\":\"https:\\\/\\\/goglobal.multilevel.network\\\/colombia\\\/grupos-de-whatsapp\\\/#primaryimage\"},\"image\":{\"@id\":\"https:\\\/\\\/goglobal.multilevel.network\\\/colombia\\\/grupos-de-whatsapp\\\/#primaryimage\"},\"thumbnailUrl\":\"https:\\\/\\\/goglobal.multilevel.network\\\/colombia\\\/wp-content\\\/uploads\\\/2023\\\/02\\\/PAGE-COVER-WHATSAPP-GROUPS-GO-GLOBAL-NETWORK.jpg\",\"datePublished\":\"2023-02-13T18:23:04+00:00\",\"dateModified\":\"2023-03-03T17:09:08+00:00\",\"description\":\"Grupos de WhatsApp COLOMBIA - Registro GO Global | \u00a1\u00danase a un grupo ahora mismo y sea atendido por un consultor cerca de usted en su regi\u00f3n!\",\"breadcrumb\":{\"@id\":\"https:\\\/\\\/goglobal.multilevel.network\\\/colombia\\\/grupos-de-whatsapp\\\/#breadcrumb\"},\"inLanguage\":\"es-CO\",\"potentialAction\":[{\"@type\":\"ReadAction\",\"target\":[\"https:\\\/\\\/goglobal.multilevel.network\\\/colombia\\\/grupos-de-whatsapp\\\/\"]}]},{\"@type\":\"ImageObject\",\"inLanguage\":\"es-CO\",\"@id\":\"https:\\\/\\\/goglobal.multilevel.network\\\/colombia\\\/grupos-de-whatsapp\\\/#primaryimage\",\"url\":\"https:\\\/\\\/goglobal.multilevel.network\\\/colombia\\\/wp-content\\\/uploads\\\/2023\\\/02\\\/PAGE-COVER-WHATSAPP-GROUPS-GO-GLOBAL-NETWORK.jpg\",\"contentUrl\":\"https:\\\/\\\/goglobal.multilevel.network\\\/colombia\\\/wp-content\\\/uploads\\\/2023\\\/02\\\/PAGE-COVER-WHATSAPP-GROUPS-GO-GLOBAL-NETWORK.jpg\",\"width\":1124,\"height\":1124,\"caption\":\"PAGE COVER WHATSAPP GROUPS GO GLOBAL NETWORK\"},{\"@type\":\"BreadcrumbList\",\"@id\":\"https:\\\/\\\/goglobal.multilevel.network\\\/colombia\\\/grupos-de-whatsapp\\\/#breadcrumb\",\"itemListElement\":[{\"@type\":\"ListItem\",\"position\":1,\"name\":\"Home\",\"item\":\"https:\\\/\\\/goglobal.multilevel.network\\\/colombia\\\/\"},{\"@type\":\"ListItem\",\"position\":2,\"name\":\"Grupos de WhatsApp\"}]},{\"@type\":\"WebSite\",\"@id\":\"https:\\\/\\\/goglobal.multilevel.network\\\/colombia\\\/#website\",\"url\":\"https:\\\/\\\/goglobal.multilevel.network\\\/colombia\\\/\",\"name\":\"GO GLOBAL | REGISTRO | GOGLOBAL NETWORK | COLOMBIA\",\"description\":\"GO GLOBAL Registro | Colombia | Gana ingresos residuales con productos educativos en el modelo de Marketing Multinivel GOGLOBAL NETWORK\",\"publisher\":{\"@id\":\"https:\\\/\\\/goglobal.multilevel.network\\\/colombia\\\/#organization\"},\"potentialAction\":[{\"@type\":\"SearchAction\",\"target\":{\"@type\":\"EntryPoint\",\"urlTemplate\":\"https:\\\/\\\/goglobal.multilevel.network\\\/colombia\\\/?s={search_term_string}\"},\"query-input\":{\"@type\":\"PropertyValueSpecification\",\"valueRequired\":true,\"valueName\":\"search_term_string\"}}],\"inLanguage\":\"es-CO\"},{\"@type\":\"Organization\",\"@id\":\"https:\\\/\\\/goglobal.multilevel.network\\\/colombia\\\/#organization\",\"name\":\"GO GLOBAL | REGISTRO | GOGLOBAL NETWORK | COLOMBIA\",\"url\":\"https:\\\/\\\/goglobal.multilevel.network\\\/colombia\\\/\",\"logo\":{\"@type\":\"ImageObject\",\"inLanguage\":\"es-CO\",\"@id\":\"https:\\\/\\\/goglobal.multilevel.network\\\/colombia\\\/#\\\/schema\\\/logo\\\/image\\\/\",\"url\":\"https:\\\/\\\/goglobal.multilevel.network\\\/colombia\\\/wp-content\\\/uploads\\\/2023\\\/02\\\/logo-goglobal-multilevel-network-1.png\",\"contentUrl\":\"https:\\\/\\\/goglobal.multilevel.network\\\/colombia\\\/wp-content\\\/uploads\\\/2023\\\/02\\\/logo-goglobal-multilevel-network-1.png\",\"width\":2700,\"height\":693,\"caption\":\"GO GLOBAL | REGISTRO | GOGLOBAL NETWORK | COLOMBIA\"},\"image\":{\"@id\":\"https:\\\/\\\/goglobal.multilevel.network\\\/colombia\\\/#\\\/schema\\\/logo\\\/image\\\/\"}}]}<\/script>\n<!-- \/ Yoast SEO plugin. -->","yoast_head_json":{"title":"Grupos de WhatsApp - GO GLOBAL | REGISTRO | GOGLOBAL NETWORK | COLOMBIA","description":"Grupos de WhatsApp COLOMBIA - Registro GO Global | \u00a1\u00danase a un grupo ahora mismo y sea atendido por un consultor cerca de usted en su regi\u00f3n!","robots":{"index":"index","follow":"follow","max-snippet":"max-snippet:-1","max-image-preview":"max-image-preview:large","max-video-preview":"max-video-preview:-1"},"canonical":"https:\/\/goglobal.multilevel.network\/colombia\/grupos-de-whatsapp\/","og_locale":"es_ES","og_type":"article","og_title":"Grupos de WhatsApp - GO GLOBAL | REGISTRO | GOGLOBAL NETWORK | COLOMBIA","og_description":"Grupos de WhatsApp COLOMBIA - Registro GO Global | \u00a1\u00danase a un grupo ahora mismo y sea atendido por un consultor cerca de usted en su regi\u00f3n!","og_url":"https:\/\/goglobal.multilevel.network\/colombia\/grupos-de-whatsapp\/","og_site_name":"GO GLOBAL | REGISTRO | GOGLOBAL NETWORK | COLOMBIA","article_modified_time":"2023-03-03T17:09:08+00:00","og_image":[{"width":1124,"height":1124,"url":"https:\/\/goglobal.multilevel.network\/colombia\/wp-content\/uploads\/2023\/02\/PAGE-COVER-WHATSAPP-GROUPS-GO-GLOBAL-NETWORK.jpg","type":"image\/jpeg"}],"twitter_card":"summary_large_image","twitter_misc":{"Tiempo de lectura":"1 minuto"},"schema":{"@context":"https:\/\/schema.org","@graph":[{"@type":"WebPage","@id":"https:\/\/goglobal.multilevel.network\/colombia\/grupos-de-whatsapp\/","url":"https:\/\/goglobal.multilevel.network\/colombia\/grupos-de-whatsapp\/","name":"Grupos de WhatsApp - GO GLOBAL | REGISTRO | GOGLOBAL NETWORK | COLOMBIA","isPartOf":{"@id":"https:\/\/goglobal.multilevel.network\/colombia\/#website"},"primaryImageOfPage":{"@id":"https:\/\/goglobal.multilevel.network\/colombia\/grupos-de-whatsapp\/#primaryimage"},"image":{"@id":"https:\/\/goglobal.multilevel.network\/colombia\/grupos-de-whatsapp\/#primaryimage"},"thumbnailUrl":"https:\/\/goglobal.multilevel.network\/colombia\/wp-content\/uploads\/2023\/02\/PAGE-COVER-WHATSAPP-GROUPS-GO-GLOBAL-NETWORK.jpg","datePublished":"2023-02-13T18:23:04+00:00","dateModified":"2023-03-03T17:09:08+00:00","description":"Grupos de WhatsApp COLOMBIA - Registro GO Global | \u00a1\u00danase a un grupo ahora mismo y sea atendido por un consultor cerca de usted en su regi\u00f3n!","breadcrumb":{"@id":"https:\/\/goglobal.multilevel.network\/colombia\/grupos-de-whatsapp\/#breadcrumb"},"inLanguage":"es-CO","potentialAction":[{"@type":"ReadAction","target":["https:\/\/goglobal.multilevel.network\/colombia\/grupos-de-whatsapp\/"]}]},{"@type":"ImageObject","inLanguage":"es-CO","@id":"https:\/\/goglobal.multilevel.network\/colombia\/grupos-de-whatsapp\/#primaryimage","url":"https:\/\/goglobal.multilevel.network\/colombia\/wp-content\/uploads\/2023\/02\/PAGE-COVER-WHATSAPP-GROUPS-GO-GLOBAL-NETWORK.jpg","contentUrl":"https:\/\/goglobal.multilevel.network\/colombia\/wp-content\/uploads\/2023\/02\/PAGE-COVER-WHATSAPP-GROUPS-GO-GLOBAL-NETWORK.jpg","width":1124,"height":1124,"caption":"PAGE COVER WHATSAPP GROUPS GO GLOBAL NETWORK"},{"@type":"BreadcrumbList","@id":"https:\/\/goglobal.multilevel.network\/colombia\/grupos-de-whatsapp\/#breadcrumb","itemListElement":[{"@type":"ListItem","position":1,"name":"Home","item":"https:\/\/goglobal.multilevel.network\/colombia\/"},{"@type":"ListItem","position":2,"name":"Grupos de WhatsApp"}]},{"@type":"WebSite","@id":"https:\/\/goglobal.multilevel.network\/colombia\/#website","url":"https:\/\/goglobal.multilevel.network\/colombia\/","name":"GO GLOBAL | REGISTRO | GOGLOBAL NETWORK | COLOMBIA","description":"GO GLOBAL Registro | Colombia | Gana ingresos residuales con productos educativos en el modelo de Marketing Multinivel GOGLOBAL NETWORK","publisher":{"@id":"https:\/\/goglobal.multilevel.network\/colombia\/#organization"},"potentialAction":[{"@type":"SearchAction","target":{"@type":"EntryPoint","urlTemplate":"https:\/\/goglobal.multilevel.network\/colombia\/?s={search_term_string}"},"query-input":{"@type":"PropertyValueSpecification","valueRequired":true,"valueName":"search_term_string"}}],"inLanguage":"es-CO"},{"@type":"Organization","@id":"https:\/\/goglobal.multilevel.network\/colombia\/#organization","name":"GO GLOBAL | REGISTRO | GOGLOBAL NETWORK | COLOMBIA","url":"https:\/\/goglobal.multilevel.network\/colombia\/","logo":{"@type":"ImageObject","inLanguage":"es-CO","@id":"https:\/\/goglobal.multilevel.network\/colombia\/#\/schema\/logo\/image\/","url":"https:\/\/goglobal.multilevel.network\/colombia\/wp-content\/uploads\/2023\/02\/logo-goglobal-multilevel-network-1.png","contentUrl":"https:\/\/goglobal.multilevel.network\/colombia\/wp-content\/uploads\/2023\/02\/logo-goglobal-multilevel-network-1.png","width":2700,"height":693,"caption":"GO GLOBAL | REGISTRO | GOGLOBAL NETWORK | COLOMBIA"},"image":{"@id":"https:\/\/goglobal.multilevel.network\/colombia\/#\/schema\/logo\/image\/"}}]}},"_links":{"self":[{"href":"https:\/\/goglobal.multilevel.network\/colombia\/wp-json\/wp\/v2\/pages\/2294","targetHints":{"allow":["GET"]}}],"collection":[{"href":"https:\/\/goglobal.multilevel.network\/colombia\/wp-json\/wp\/v2\/pages"}],"about":[{"href":"https:\/\/goglobal.multilevel.network\/colombia\/wp-json\/wp\/v2\/types\/page"}],"author":[{"embeddable":true,"href":"https:\/\/goglobal.multilevel.network\/colombia\/wp-json\/wp\/v2\/users\/1"}],"replies":[{"embeddable":true,"href":"https:\/\/goglobal.multilevel.network\/colombia\/wp-json\/wp\/v2\/comments?post=2294"}],"version-history":[{"count":19,"href":"https:\/\/goglobal.multilevel.network\/colombia\/wp-json\/wp\/v2\/pages\/2294\/revisions"}],"predecessor-version":[{"id":4464,"href":"https:\/\/goglobal.multilevel.network\/colombia\/wp-json\/wp\/v2\/pages\/2294\/revisions\/4464"}],"wp:featuredmedia":[{"embeddable":true,"href":"https:\/\/goglobal.multilevel.network\/colombia\/wp-json\/wp\/v2\/media\/4204"}],"wp:attachment":[{"href":"https:\/\/goglobal.multilevel.network\/colombia\/wp-json\/wp\/v2\/media?parent=2294"}],"wp:term":[{"taxonomy":"post_tag","embeddable":true,"href":"https:\/\/goglobal.multilevel.network\/colombia\/wp-json\/wp\/v2\/tags?post=2294"}],"curies":[{"name":"wp","href":"https:\/\/api.w.org\/{rel}","templated":true}]}}