{"id":451,"date":"2023-02-13T05:10:04","date_gmt":"2023-02-13T05:10:04","guid":{"rendered":"http:\/\/bandeiracoin.com.br\/?page_id=451"},"modified":"2023-03-03T22:25:07","modified_gmt":"2023-03-03T22:25:07","slug":"encuentre-un-consultor-go-global","status":"publish","type":"page","link":"https:\/\/goglobal.multilevel.network\/espana\/encuentre-un-consultor-go-global\/","title":{"rendered":"Encuentre un Consultor GO Global"},"content":{"rendered":"[vc_row][vc_column][vc_row_inner][vc_column_inner width=\u00bb1\/4&#8243;][\/vc_column_inner][vc_column_inner width=\u00bb1\/2&#8243;][vc_single_image image=\u00bb4112&#8243; img_size=\u00bbfull\u00bb alignment=\u00bbcenter\u00bb css_animation=\u00bbflipInX\u00bb][\/vc_column_inner][vc_column_inner width=\u00bb1\/4&#8243;][\/vc_column_inner][\/vc_row_inner][vc_row_inner][vc_column_inner width=\u00bb1\/6&#8243;][\/vc_column_inner][vc_column_inner width=\u00bb2\/3&#8243;][vc_custom_heading text=\u00bb\u00a1Encuentra un <b> Consultor GO GLOBAL <\/b> cerca de ti!\u00bb font_container=\u00bbtag:h2|font_size:28|text_align:center|color:%2310093a\u00bb google_fonts=\u00bbfont_family:Nunito%3A300%2Cregular%2C700|font_style:700%20bold%20regular%3A700%3Anormal\u00bb][vc_custom_heading text=\u00bbSi est\u00e1 interesado en invertir su dinero para ganar m\u00e1s de lo que paga el mercado convencional,<br \/>\n\u00a1elija uno de nuestros Consultores que est\u00e9 cerca de usted a continuaci\u00f3n!\u00bb font_container=\u00bbtag:h2|font_size:24|text_align:center|color:%2300fc75&#8243; google_fonts=\u00bbfont_family:Quantico%3Aregular%2Citalic%2C700%2C700italic|font_style:700%20bold%20italic%3A700%3Aitalic\u00bb][vc_custom_heading text=\u00bbSi a\u00fan no hay uno pr\u00f3ximo, \u00a1s\u00e9 el primero en tu regi\u00f3n!\u00bb font_container=\u00bbtag:h2|font_size:30|text_align:center|color:%23ddb500&#8243; google_fonts=\u00bbfont_family:Quantico%3Aregular%2Citalic%2C700%2C700italic|font_style:700%20bold%20italic%3A700%3Aitalic\u00bb][\/vc_column_inner][vc_column_inner width=\u00bb1\/6&#8243;][\/vc_column_inner][\/vc_row_inner][vc_row_inner][vc_column_inner width=\u00bb1\/3&#8243;][\/vc_column_inner][vc_column_inner width=\u00bb1\/3&#8243;][vc_column_text]Elija su estado y condado de la lista a continuaci\u00f3n:<br \/>\n[\/vc_column_text][vc_wp_categories title=\u00bbEstados \/ Ciudades\u00bb options=\u00bbdropdown,hierarchical\u00bb][vc_column_text]Haga clic en Buscar despu\u00e9s de seleccionar el estado o la ciudad<br \/>\n[\/vc_column_text][\/vc_column_inner][vc_column_inner width=\u00bb1\/3&#8243;][\/vc_column_inner][\/vc_row_inner][\/vc_column][\/vc_row]\n","protected":false},"excerpt":{"rendered":"<p>[vc_row][vc_column][vc_row_inner][vc_column_inner width=\u00bb1\/4&#8243;][\/vc_column_inner][vc_column_inner width=\u00bb1\/2&#8243;][vc_single_image image=\u00bb4112&#8243; img_size=\u00bbfull\u00bb alignment=\u00bbcenter\u00bb css_animation=\u00bbflipInX\u00bb][\/vc_column_inner][vc_column_inner width=\u00bb1\/4&#8243;][\/vc_column_inner][\/vc_row_inner][vc_row_inner][vc_column_inner width=\u00bb1\/6&#8243;][\/vc_column_inner][vc_column_inner width=\u00bb2\/3&#8243;][vc_custom_heading text=\u00bb\u00a1Encuentra un Consultor GO GLOBAL cerca de ti!\u00bb font_container=\u00bbtag:h2|font_size:28|text_align:center|color:%2310093a\u00bb google_fonts=\u00bbfont_family:Nunito%3A300%2Cregular%2C700|font_style:700%20bold%20regular%3A700%3Anormal\u00bb][vc_custom_heading text=\u00bbSi est\u00e1 interesado en invertir su dinero para ganar m\u00e1s de lo que paga el mercado convencional, \u00a1elija uno de nuestros Consultores que est\u00e9 cerca de usted a continuaci\u00f3n!\u00bb font_container=\u00bbtag:h2|font_size:24|text_align:center|color:%2300fc75&#8243; google_fonts=\u00bbfont_family:Quantico%3Aregular%2Citalic%2C700%2C700italic|font_style:700%20bold%20italic%3A700%3Aitalic\u00bb][vc_custom_heading text=\u00bbSi a\u00fan no hay uno pr\u00f3ximo, \u00a1s\u00e9 el primero en tu regi\u00f3n!\u00bb font_container=\u00bbtag:h2|font_size:30|text_align:center|color:%23ddb500&#8243; google_fonts=\u00bbfont_family:Quantico%3Aregular%2Citalic%2C700%2C700italic|font_style:700%20bold%20italic%3A700%3Aitalic\u00bb][\/vc_column_inner][vc_column_inner width=\u00bb1\/6&#8243;][\/vc_column_inner][\/vc_row_inner][vc_row_inner][vc_column_inner width=\u00bb1\/3&#8243;][\/vc_column_inner][vc_column_inner width=\u00bb1\/3&#8243;][vc_column_text]Elija su estado y condado de la lista a continuaci\u00f3n: [\/vc_column_text][vc_wp_categories title=\u00bbEstados \/ Ciudades\u00bb options=\u00bbdropdown,hierarchical\u00bb][vc_column_text]Haga clic en Buscar despu\u00e9s de seleccionar el estado o la ciudad [\/vc_column_text][\/vc_column_inner][vc_column_inner width=\u00bb1\/3&#8243;][\/vc_column_inner][\/vc_row_inner][\/vc_column][\/vc_row]<\/p>\n","protected":false},"author":1,"featured_media":4111,"parent":0,"menu_order":0,"comment_status":"closed","ping_status":"closed","template":"elementor_header_footer","meta":{"footnotes":""},"tags":[],"class_list":["post-451","page","type-page","status-publish","has-post-thumbnail","hentry"],"blocksy_meta":{"styles_descriptor":{"styles":{"desktop":"","tablet":"","mobile":""},"google_fonts":[],"version":5}},"yoast_head":"<!-- This site is optimized with the Yoast SEO plugin v27.3 - https:\/\/yoast.com\/product\/yoast-seo-wordpress\/ -->\n<title>Encuentre un Consultor GO Global<\/title>\n<meta name=\"description\" content=\"Encuentre un Consultor GO GLOBAL cerca de su Regi\u00f3n en ESPA\u00d1A para registrarse y comprender mejor c\u00f3mo obtener mejores resultados.\" \/>\n<meta name=\"robots\" content=\"index, follow, max-snippet:-1, max-image-preview:large, max-video-preview:-1\" \/>\n<link rel=\"canonical\" href=\"https:\/\/goglobal.multilevel.network\/espana\/encuentre-un-consultor-go-global\/\" \/>\n<meta property=\"og:locale\" content=\"es_ES\" \/>\n<meta property=\"og:type\" content=\"article\" \/>\n<meta property=\"og:title\" content=\"Encuentre un Consultor GO Global\" \/>\n<meta property=\"og:description\" content=\"Encuentre un Consultor GO GLOBAL cerca de su Regi\u00f3n en ESPA\u00d1A para registrarse y comprender mejor c\u00f3mo obtener mejores resultados.\" \/>\n<meta property=\"og:url\" content=\"https:\/\/goglobal.multilevel.network\/espana\/encuentre-un-consultor-go-global\/\" \/>\n<meta property=\"og:site_name\" content=\"GO GLOBAL | REGISTRO | GOGLOBAL NETWORK | ESPA\u00d1A\" \/>\n<meta property=\"article:modified_time\" content=\"2023-03-03T22:25:07+00:00\" \/>\n<meta property=\"og:image\" content=\"https:\/\/goglobal.multilevel.network\/espana\/wp-content\/uploads\/2023\/02\/PAGE-COVER-FIND-A-CONSULTANT-GO-GLOBAL.jpg\" \/>\n\t<meta property=\"og:image:width\" content=\"1124\" \/>\n\t<meta property=\"og:image:height\" content=\"1124\" \/>\n\t<meta property=\"og:image:type\" content=\"image\/jpeg\" \/>\n<meta name=\"twitter:card\" content=\"summary_large_image\" \/>\n<meta name=\"twitter:label1\" content=\"Tiempo de lectura\" \/>\n\t<meta name=\"twitter:data1\" content=\"1 minuto\" \/>\n<script type=\"application\/ld+json\" class=\"yoast-schema-graph\">{\"@context\":\"https:\\\/\\\/schema.org\",\"@graph\":[{\"@type\":\"WebPage\",\"@id\":\"https:\\\/\\\/goglobal.multilevel.network\\\/espana\\\/encuentre-un-consultor-go-global\\\/\",\"url\":\"https:\\\/\\\/goglobal.multilevel.network\\\/espana\\\/encuentre-un-consultor-go-global\\\/\",\"name\":\"Encuentre un Consultor GO Global\",\"isPartOf\":{\"@id\":\"https:\\\/\\\/goglobal.multilevel.network\\\/espana\\\/#website\"},\"primaryImageOfPage\":{\"@id\":\"https:\\\/\\\/goglobal.multilevel.network\\\/espana\\\/encuentre-un-consultor-go-global\\\/#primaryimage\"},\"image\":{\"@id\":\"https:\\\/\\\/goglobal.multilevel.network\\\/espana\\\/encuentre-un-consultor-go-global\\\/#primaryimage\"},\"thumbnailUrl\":\"https:\\\/\\\/goglobal.multilevel.network\\\/espana\\\/wp-content\\\/uploads\\\/2023\\\/02\\\/PAGE-COVER-FIND-A-CONSULTANT-GO-GLOBAL.jpg\",\"datePublished\":\"2023-02-13T05:10:04+00:00\",\"dateModified\":\"2023-03-03T22:25:07+00:00\",\"description\":\"Encuentre un Consultor GO GLOBAL cerca de su Regi\u00f3n en ESPA\u00d1A para registrarse y comprender mejor c\u00f3mo obtener mejores resultados.\",\"breadcrumb\":{\"@id\":\"https:\\\/\\\/goglobal.multilevel.network\\\/espana\\\/encuentre-un-consultor-go-global\\\/#breadcrumb\"},\"inLanguage\":\"es-ES\",\"potentialAction\":[{\"@type\":\"ReadAction\",\"target\":[\"https:\\\/\\\/goglobal.multilevel.network\\\/espana\\\/encuentre-un-consultor-go-global\\\/\"]}]},{\"@type\":\"ImageObject\",\"inLanguage\":\"es-ES\",\"@id\":\"https:\\\/\\\/goglobal.multilevel.network\\\/espana\\\/encuentre-un-consultor-go-global\\\/#primaryimage\",\"url\":\"https:\\\/\\\/goglobal.multilevel.network\\\/espana\\\/wp-content\\\/uploads\\\/2023\\\/02\\\/PAGE-COVER-FIND-A-CONSULTANT-GO-GLOBAL.jpg\",\"contentUrl\":\"https:\\\/\\\/goglobal.multilevel.network\\\/espana\\\/wp-content\\\/uploads\\\/2023\\\/02\\\/PAGE-COVER-FIND-A-CONSULTANT-GO-GLOBAL.jpg\",\"width\":1124,\"height\":1124,\"caption\":\"PAGE COVER FIND A CONSULTANT GO GLOBAL\"},{\"@type\":\"BreadcrumbList\",\"@id\":\"https:\\\/\\\/goglobal.multilevel.network\\\/espana\\\/encuentre-un-consultor-go-global\\\/#breadcrumb\",\"itemListElement\":[{\"@type\":\"ListItem\",\"position\":1,\"name\":\"Home\",\"item\":\"https:\\\/\\\/goglobal.multilevel.network\\\/espana\\\/\"},{\"@type\":\"ListItem\",\"position\":2,\"name\":\"Encuentre un Consultor GO Global\"}]},{\"@type\":\"WebSite\",\"@id\":\"https:\\\/\\\/goglobal.multilevel.network\\\/espana\\\/#website\",\"url\":\"https:\\\/\\\/goglobal.multilevel.network\\\/espana\\\/\",\"name\":\"GO GLOBAL | REGISTRO | GOGLOBAL NETWORK | ESPA\u00d1A\",\"description\":\"GO GLOBAL Registro | Espa\u00f1a | Gana ingresos residuales con productos educativos en el modelo de Marketing Multinivel GOGLOBAL NETWORK\",\"publisher\":{\"@id\":\"https:\\\/\\\/goglobal.multilevel.network\\\/espana\\\/#organization\"},\"potentialAction\":[{\"@type\":\"SearchAction\",\"target\":{\"@type\":\"EntryPoint\",\"urlTemplate\":\"https:\\\/\\\/goglobal.multilevel.network\\\/espana\\\/?s={search_term_string}\"},\"query-input\":{\"@type\":\"PropertyValueSpecification\",\"valueRequired\":true,\"valueName\":\"search_term_string\"}}],\"inLanguage\":\"es-ES\"},{\"@type\":\"Organization\",\"@id\":\"https:\\\/\\\/goglobal.multilevel.network\\\/espana\\\/#organization\",\"name\":\"GO GLOBAL | REGISTRO | GOGLOBAL NETWORK | ESPA\u00d1A\",\"url\":\"https:\\\/\\\/goglobal.multilevel.network\\\/espana\\\/\",\"logo\":{\"@type\":\"ImageObject\",\"inLanguage\":\"es-ES\",\"@id\":\"https:\\\/\\\/goglobal.multilevel.network\\\/espana\\\/#\\\/schema\\\/logo\\\/image\\\/\",\"url\":\"https:\\\/\\\/goglobal.multilevel.network\\\/espana\\\/wp-content\\\/uploads\\\/2023\\\/02\\\/logo-goglobal-multilevel-network-1.png\",\"contentUrl\":\"https:\\\/\\\/goglobal.multilevel.network\\\/espana\\\/wp-content\\\/uploads\\\/2023\\\/02\\\/logo-goglobal-multilevel-network-1.png\",\"width\":2700,\"height\":693,\"caption\":\"GO GLOBAL | REGISTRO | GOGLOBAL NETWORK | ESPA\u00d1A\"},\"image\":{\"@id\":\"https:\\\/\\\/goglobal.multilevel.network\\\/espana\\\/#\\\/schema\\\/logo\\\/image\\\/\"}}]}<\/script>\n<!-- \/ Yoast SEO plugin. -->","yoast_head_json":{"title":"Encuentre un Consultor GO Global","description":"Encuentre un Consultor GO GLOBAL cerca de su Regi\u00f3n en ESPA\u00d1A para registrarse y comprender mejor c\u00f3mo obtener mejores resultados.","robots":{"index":"index","follow":"follow","max-snippet":"max-snippet:-1","max-image-preview":"max-image-preview:large","max-video-preview":"max-video-preview:-1"},"canonical":"https:\/\/goglobal.multilevel.network\/espana\/encuentre-un-consultor-go-global\/","og_locale":"es_ES","og_type":"article","og_title":"Encuentre un Consultor GO Global","og_description":"Encuentre un Consultor GO GLOBAL cerca de su Regi\u00f3n en ESPA\u00d1A para registrarse y comprender mejor c\u00f3mo obtener mejores resultados.","og_url":"https:\/\/goglobal.multilevel.network\/espana\/encuentre-un-consultor-go-global\/","og_site_name":"GO GLOBAL | REGISTRO | GOGLOBAL NETWORK | ESPA\u00d1A","article_modified_time":"2023-03-03T22:25:07+00:00","og_image":[{"width":1124,"height":1124,"url":"https:\/\/goglobal.multilevel.network\/espana\/wp-content\/uploads\/2023\/02\/PAGE-COVER-FIND-A-CONSULTANT-GO-GLOBAL.jpg","type":"image\/jpeg"}],"twitter_card":"summary_large_image","twitter_misc":{"Tiempo de lectura":"1 minuto"},"schema":{"@context":"https:\/\/schema.org","@graph":[{"@type":"WebPage","@id":"https:\/\/goglobal.multilevel.network\/espana\/encuentre-un-consultor-go-global\/","url":"https:\/\/goglobal.multilevel.network\/espana\/encuentre-un-consultor-go-global\/","name":"Encuentre un Consultor GO Global","isPartOf":{"@id":"https:\/\/goglobal.multilevel.network\/espana\/#website"},"primaryImageOfPage":{"@id":"https:\/\/goglobal.multilevel.network\/espana\/encuentre-un-consultor-go-global\/#primaryimage"},"image":{"@id":"https:\/\/goglobal.multilevel.network\/espana\/encuentre-un-consultor-go-global\/#primaryimage"},"thumbnailUrl":"https:\/\/goglobal.multilevel.network\/espana\/wp-content\/uploads\/2023\/02\/PAGE-COVER-FIND-A-CONSULTANT-GO-GLOBAL.jpg","datePublished":"2023-02-13T05:10:04+00:00","dateModified":"2023-03-03T22:25:07+00:00","description":"Encuentre un Consultor GO GLOBAL cerca de su Regi\u00f3n en ESPA\u00d1A para registrarse y comprender mejor c\u00f3mo obtener mejores resultados.","breadcrumb":{"@id":"https:\/\/goglobal.multilevel.network\/espana\/encuentre-un-consultor-go-global\/#breadcrumb"},"inLanguage":"es-ES","potentialAction":[{"@type":"ReadAction","target":["https:\/\/goglobal.multilevel.network\/espana\/encuentre-un-consultor-go-global\/"]}]},{"@type":"ImageObject","inLanguage":"es-ES","@id":"https:\/\/goglobal.multilevel.network\/espana\/encuentre-un-consultor-go-global\/#primaryimage","url":"https:\/\/goglobal.multilevel.network\/espana\/wp-content\/uploads\/2023\/02\/PAGE-COVER-FIND-A-CONSULTANT-GO-GLOBAL.jpg","contentUrl":"https:\/\/goglobal.multilevel.network\/espana\/wp-content\/uploads\/2023\/02\/PAGE-COVER-FIND-A-CONSULTANT-GO-GLOBAL.jpg","width":1124,"height":1124,"caption":"PAGE COVER FIND A CONSULTANT GO GLOBAL"},{"@type":"BreadcrumbList","@id":"https:\/\/goglobal.multilevel.network\/espana\/encuentre-un-consultor-go-global\/#breadcrumb","itemListElement":[{"@type":"ListItem","position":1,"name":"Home","item":"https:\/\/goglobal.multilevel.network\/espana\/"},{"@type":"ListItem","position":2,"name":"Encuentre un Consultor GO Global"}]},{"@type":"WebSite","@id":"https:\/\/goglobal.multilevel.network\/espana\/#website","url":"https:\/\/goglobal.multilevel.network\/espana\/","name":"GO GLOBAL | REGISTRO | GOGLOBAL NETWORK | ESPA\u00d1A","description":"GO GLOBAL Registro | Espa\u00f1a | Gana ingresos residuales con productos educativos en el modelo de Marketing Multinivel GOGLOBAL NETWORK","publisher":{"@id":"https:\/\/goglobal.multilevel.network\/espana\/#organization"},"potentialAction":[{"@type":"SearchAction","target":{"@type":"EntryPoint","urlTemplate":"https:\/\/goglobal.multilevel.network\/espana\/?s={search_term_string}"},"query-input":{"@type":"PropertyValueSpecification","valueRequired":true,"valueName":"search_term_string"}}],"inLanguage":"es-ES"},{"@type":"Organization","@id":"https:\/\/goglobal.multilevel.network\/espana\/#organization","name":"GO GLOBAL | REGISTRO | GOGLOBAL NETWORK | ESPA\u00d1A","url":"https:\/\/goglobal.multilevel.network\/espana\/","logo":{"@type":"ImageObject","inLanguage":"es-ES","@id":"https:\/\/goglobal.multilevel.network\/espana\/#\/schema\/logo\/image\/","url":"https:\/\/goglobal.multilevel.network\/espana\/wp-content\/uploads\/2023\/02\/logo-goglobal-multilevel-network-1.png","contentUrl":"https:\/\/goglobal.multilevel.network\/espana\/wp-content\/uploads\/2023\/02\/logo-goglobal-multilevel-network-1.png","width":2700,"height":693,"caption":"GO GLOBAL | REGISTRO | GOGLOBAL NETWORK | ESPA\u00d1A"},"image":{"@id":"https:\/\/goglobal.multilevel.network\/espana\/#\/schema\/logo\/image\/"}}]}},"_links":{"self":[{"href":"https:\/\/goglobal.multilevel.network\/espana\/wp-json\/wp\/v2\/pages\/451","targetHints":{"allow":["GET"]}}],"collection":[{"href":"https:\/\/goglobal.multilevel.network\/espana\/wp-json\/wp\/v2\/pages"}],"about":[{"href":"https:\/\/goglobal.multilevel.network\/espana\/wp-json\/wp\/v2\/types\/page"}],"author":[{"embeddable":true,"href":"https:\/\/goglobal.multilevel.network\/espana\/wp-json\/wp\/v2\/users\/1"}],"replies":[{"embeddable":true,"href":"https:\/\/goglobal.multilevel.network\/espana\/wp-json\/wp\/v2\/comments?post=451"}],"version-history":[{"count":10,"href":"https:\/\/goglobal.multilevel.network\/espana\/wp-json\/wp\/v2\/pages\/451\/revisions"}],"predecessor-version":[{"id":4456,"href":"https:\/\/goglobal.multilevel.network\/espana\/wp-json\/wp\/v2\/pages\/451\/revisions\/4456"}],"wp:featuredmedia":[{"embeddable":true,"href":"https:\/\/goglobal.multilevel.network\/espana\/wp-json\/wp\/v2\/media\/4111"}],"wp:attachment":[{"href":"https:\/\/goglobal.multilevel.network\/espana\/wp-json\/wp\/v2\/media?parent=451"}],"wp:term":[{"taxonomy":"post_tag","embeddable":true,"href":"https:\/\/goglobal.multilevel.network\/espana\/wp-json\/wp\/v2\/tags?post=451"}],"curies":[{"name":"wp","href":"https:\/\/api.w.org\/{rel}","templated":true}]}}