{"id":3482,"date":"2023-02-13T16:43:13","date_gmt":"2023-02-13T16:43:13","guid":{"rendered":"https:\/\/goglobal.multilevel.network\/puertorico\/?page_id=3"},"modified":"2023-02-15T11:10:55","modified_gmt":"2023-02-15T11:10:55","slug":"politica-de-privacidad","status":"publish","type":"page","link":"https:\/\/goglobal.multilevel.network\/puertorico\/politica-de-privacidad\/","title":{"rendered":"Pol\u00edtica de Privacidad"},"content":{"rendered":"[vc_row][vc_column][vc_row_inner][vc_column_inner width=\u00bb1\/3&#8243;][\/vc_column_inner][vc_column_inner width=\u00bb1\/3&#8243;][vc_single_image image=\u00bb4191&#8243; img_size=\u00bbmedium\u00bb][\/vc_column_inner][vc_column_inner width=\u00bb1\/3&#8243;][\/vc_column_inner][\/vc_row_inner][vc_column_text]\n<div class=\"hero-section\" data-type=\"type-1\">\n<header class=\"entry-header\">\n<h1 class=\"page-title\" title=\"pol\u00edtica de privacidad\">Pol\u00edtica de Privacidad<\/h1>\n<h4>Quienes somos<\/h4>\n<p>La direcci\u00f3n de nuestro sitio web es: https:\/\/goglobal.multilevel.network\/puertorico.\u00a0Somos un equipo de representantes que te orientamos para convertirte en cliente de GO GLOBAL a trav\u00e9s de esta p\u00e1gina.\u00a0Nuestro medio de contacto es a trav\u00e9s de este enlace\u00a0<a href=\"https:\/\/goglobal.multilevel.network\/puertorico\/servicio-de-atencion-al-cliente-contactenos\/\">Cont\u00e1ctenos<\/a>\u00a0\u00a0donde tendr\u00e1 todos los medios accesibles para contactarnos.<\/p>\n<h4>Qu\u00e9 datos personales recopilamos y por qu\u00e9<\/h4>\n<p class=\"privacy-policy-tutorial\">Los datos personales que recabamos, tales como: Nombre Completo, Nacionalidad, Fecha de Nacimiento, Direcci\u00f3n Residencial Completa, N\u00famero de Casa, C\u00f3digo Postal, Tel\u00e9fono Celular, Su Ciudad, Su Estado, Su correo electr\u00f3nico, Cu\u00e1l es el DNI de la persona qui\u00e9n lo invit\u00f3 a GO GLOBAL, foto para su perfil aqu\u00ed en el sitio web, enlace de perfil de Facebook o Instagram, si corresponde, cu\u00e1l es el mejor momento para contactarlo.<\/p>\n<p class=\"privacy-policy-tutorial\">Tus datos ser\u00e1n ofrecidos por nosotros en la empresa aqu\u00ed representada para realizar tu registro con el fin de hacerte cliente de la misma.\u00a0Por lo tanto, no se utilizar\u00e1 de otra manera que no sea esta.<\/p>\n<h4>Comentarios<\/h4>\n<p>Cuando los visitantes dejan comentarios en el sitio, recopilamos los datos que se muestran en el formulario de comentarios, adem\u00e1s de la direcci\u00f3n IP del visitante y los datos del navegador, para ayudar en la detecci\u00f3n de spam.<\/p>\n<p>Se puede enviar una cadena an\u00f3nima creada a partir de su correo electr\u00f3nico (tambi\u00e9n llamada hash) a Gravatar para verificar que utiliza el servicio.\u00a0La pol\u00edtica de privacidad de Gravatar est\u00e1 disponible aqu\u00ed: https:\/\/automattic.com\/privacy\/.\u00a0Una vez que se aprueba su comentario, su imagen de perfil es visible p\u00fablicamente junto a su comentario.<\/p>\n<h4>Medios de comunicaci\u00f3n<\/h4>\n<p>Si carga im\u00e1genes en el sitio, evite cargar im\u00e1genes que contengan datos de ubicaci\u00f3n incrustados (GPS EXIF).\u00a0Los visitantes pueden descargar estas im\u00e1genes del sitio y extraer sus datos de ubicaci\u00f3n de ellas.<\/p>\n<h4>formularios de contacto<\/h4>\n<p>Por defecto, nuestro sitio web incluye un formulario de contacto.\u00a0Para que pueda enviar un mensaje y podamos comunicarnos con usted, los datos personales recopilados cuando env\u00eda su informaci\u00f3n el tiempo que mantenemos esta informaci\u00f3n var\u00eda hasta el punto en que se completa el servicio, pero no usamos este informaci\u00f3n para De marketing.<\/p>\n<h4>Galletas<\/h4>\n<p>Al dejar un comentario en el sitio, puede optar por guardar su nombre, correo electr\u00f3nico y sitio web en cookies.\u00a0Esto es para tu comodidad, para que no tengas que volver a rellenar tus datos cuando hagas otro comentario.\u00a0Estas cookies duran un a\u00f1o.<\/p>\n<p>Si tiene una cuenta y accede a este sitio, se crear\u00e1 una cookie temporal para determinar si su navegador acepta cookies.\u00a0No contiene ning\u00fan dato personal y se descartar\u00e1 cuando cierre su navegador.<\/p>\n<p>Cuando inicia sesi\u00f3n en su cuenta en el sitio web, tambi\u00e9n creamos varias cookies para guardar los datos de su cuenta y sus opciones de visualizaci\u00f3n de pantalla.\u00a0Las cookies de inicio de sesi\u00f3n se conservan durante dos d\u00edas y las cookies de opciones de pantalla durante un a\u00f1o.\u00a0Si seleccionas \u201cRecordarme\u201d, tu acceso se mantendr\u00e1 durante dos semanas.\u00a0Si cierra sesi\u00f3n en su cuenta, se eliminar\u00e1n las cookies de inicio de sesi\u00f3n.<\/p>\n<p>Si edita o publica un art\u00edculo, se guardar\u00e1 una cookie adicional en su navegador.\u00a0Esta cookie no incluye ning\u00fan dato personal y simplemente indica el ID de publicaci\u00f3n del art\u00edculo que acaba de editar.\u00a0Caduca despu\u00e9s de 1 d\u00eda.<\/p>\n<h4>Medios incrustados de otros sitios<\/h4>\n<p>Los art\u00edculos en este sitio pueden incluir contenido incrustado como videos, im\u00e1genes, art\u00edculos, etc. El contenido incrustado de otros sitios web se comporta exactamente de la misma manera que si el visitante estuviera visitando el otro sitio web.<\/p>\n<p>Estos sitios web pueden recopilar datos sobre usted, usar cookies, incorporar un seguimiento adicional de terceros y monitorear su interacci\u00f3n con este contenido incrustado, incluida su interacci\u00f3n con el contenido incrustado si tiene una cuenta y ha iniciado sesi\u00f3n en el sitio web.<\/p>\n<h4>an\u00e1lisis<\/h4>\n<p class=\"privacy-policy-tutorial\">No utilizamos un servicio de an\u00e1lisis en nuestro sitio web.<\/p>\n<h4>Con qui\u00e9n compartimos sus datos<\/h4>\n<p>Tus datos ser\u00e1n ofrecidos por nosotros en la empresa aqu\u00ed representada para realizar tu registro con el fin de hacerte cliente de la misma.\u00a0Por lo tanto, no se utilizar\u00e1 de otra manera que no sea esta.<\/p>\n<h4>Cuanto tiempo conservamos tus datos<\/h4>\n<p>Si deja un comentario, el comentario y sus metadatos se conservan indefinidamente.\u00a0Hacemos esto para que podamos reconocer y aprobar autom\u00e1ticamente cualquier comentario posterior en lugar de reservarlo para moderaci\u00f3n.<\/p>\n<p>Para los usuarios que se registran en nuestro sitio (si los hay), tambi\u00e9n conservamos la informaci\u00f3n personal que proporciona en su perfil de usuario.\u00a0Todos los usuarios pueden ver, editar o eliminar su informaci\u00f3n personal en cualquier momento (simplemente no es posible cambiar su nombre de usuario).\u00a0Los administradores del sitio tambi\u00e9n pueden ver y editar esta informaci\u00f3n.<\/p>\n<h4>Cu\u00e1les son sus derechos sobre sus datos<\/h4>\n<p>Si tiene una cuenta en este sitio o si ha dejado comentarios, puede solicitar un archivo exportado de los datos personales que tenemos sobre usted, incluidos los datos que nos haya proporcionado.\u00a0Tambi\u00e9n puede solicitar que eliminemos cualquier dato personal que tengamos sobre usted.\u00a0Esto no incluye ning\u00fan dato que estemos obligados a conservar con fines administrativos, legales o de seguridad.<\/p>\n<h4>Donde enviamos tus datos<\/h4>\n<p>Los comentarios de los visitantes pueden ser marcados por un servicio de detecci\u00f3n autom\u00e1tica de spam.<\/p>\n<h4>Tu informaci\u00f3n de contacto<\/h4>\n<p>Si necesita revisar sus datos ingresados \u200b\u200ben este sitio, cont\u00e1ctenos en\u00a0\u00a0<a href=\"https:\/\/goglobal.multilevel.network\/puertorico\/servicio-de-atencion-al-cliente-contactenos\/\">contact@goglobal.multilevel.network<\/a><\/p>\n<h4>informaci\u00f3n adicional<\/h4>\n<p>Eventualmente, puede recibir correos electr\u00f3nicos informativos sobre el negocio en cuesti\u00f3n del equipo de este sitio.<\/p>\n<h4>C\u00f3mo protegemos sus datos<\/h4>\n<p>Tomamos medidas para proteger los datos de los usuarios.\u00a0Esto puede incluir medidas t\u00e9cnicas como el cifrado;\u00a0medidas de seguridad como la autenticaci\u00f3n en dos pasos;\u00a0y medidas como la formaci\u00f3n del personal en materia de protecci\u00f3n de datos.\u00a0Donde ya hemos sido evaluados.<\/p>\n<div class=\"tile-content__title text-green\">reflejos positivos.<\/div>\n<div class=\"block-highlights-list__holder\"><\/div>\n<h4>\u00bfCu\u00e1les son nuestros procedimientos de violaci\u00f3n de datos?<\/h4>\n<p>En caso de que exista alg\u00fan error con respecto a los datos que nos ha proporcionado, tomaremos las medidas razonables para corregirlos.\u00a0Porque toda la informaci\u00f3n ingresada aqu\u00ed por el usuario pasa por procesos de cifrado de extremo a extremo, lo que hace que la posibilidad de violaci\u00f3n de datos sea pr\u00e1cticamente ultra segura.<\/p>\n<h4>De qu\u00e9 terceros recibimos datos<\/h4>\n<p>Es posible que recibamos datos de la empresa aqu\u00ed representada para mejorar los datos proporcionados por el usuario para acciones correctivas o informativas.<\/p>\n<h4>Qu\u00e9 toma de decisiones automatizada o elaboraci\u00f3n de perfiles hacemos con los datos de los usuarios<\/h4>\n<p>Al enviar sus datos para el registro, puede ser redirigido autom\u00e1ticamente a una aplicaci\u00f3n de mensajer\u00eda instant\u00e1nea para mejorar su servicio con la empresa y nuestros representantes.<\/p>\n<h4>Requisitos de divulgaci\u00f3n obligatoria para la categor\u00eda profesional<\/h4>\n<p>Este sitio web representa \u00fanicamente a la empresa GO GLOBAL Ltd, cuya direcci\u00f3n principal es\u00a0<span class=\"\">GO Global Ltd 12 Marina Boulevard Singapore, Marina Bay Financial Tower Floor 17<\/span><\/p>\n<p>En cualquier momento podr\u00e1 solicitar datos a la empresa representada para aclarar dudas sobre su funcionamiento e informaci\u00f3n comercial.<\/p>\n<\/header>\n<\/div>\n[\/vc_column_text][\/vc_column][\/vc_row]\n","protected":false},"excerpt":{"rendered":"<p>[vc_row][vc_column][vc_row_inner][vc_column_inner width=\u00bb1\/3&#8243;][\/vc_column_inner][vc_column_inner width=\u00bb1\/3&#8243;][vc_single_image image=\u00bb4191&#8243; img_size=\u00bbmedium\u00bb][\/vc_column_inner][vc_column_inner width=\u00bb1\/3&#8243;][\/vc_column_inner][\/vc_row_inner][vc_column_text] Pol\u00edtica de Privacidad Quienes somos La direcci\u00f3n de nuestro sitio web es: https:\/\/goglobal.multilevel.network\/puertorico.\u00a0Somos un equipo de representantes que te orientamos para convertirte en cliente de GO GLOBAL a trav\u00e9s de esta p\u00e1gina.\u00a0Nuestro medio de contacto es a trav\u00e9s de este enlace\u00a0Cont\u00e1ctenos\u00a0\u00a0donde tendr\u00e1 todos los medios accesibles para contactarnos. Qu\u00e9 datos personales recopilamos y por qu\u00e9 Los datos personales que recabamos, tales como: Nombre Completo, Nacionalidad, Fecha de Nacimiento, Direcci\u00f3n Residencial Completa, N\u00famero de Casa, C\u00f3digo Postal, Tel\u00e9fono Celular, Su Ciudad, Su Estado, Su correo electr\u00f3nico, Cu\u00e1l es el DNI de la persona qui\u00e9n lo\u2026<\/p>\n","protected":false},"author":1,"featured_media":4192,"parent":0,"menu_order":0,"comment_status":"closed","ping_status":"closed","template":"elementor_theme","meta":{"footnotes":""},"tags":[],"class_list":["post-3482","page","type-page","status-publish","has-post-thumbnail","hentry"],"blocksy_meta":{"styles_descriptor":{"styles":{"desktop":"","tablet":"","mobile":""},"google_fonts":[],"version":5}},"yoast_head":"<!-- This site is optimized with the Yoast SEO plugin v27.3 - https:\/\/yoast.com\/product\/yoast-seo-wordpress\/ -->\n<title>Pol\u00edtica de Privacidad - GO GLOBAL | REGISTRO | GOGLOBAL NETWORK | PUERTO RICO<\/title>\n<meta name=\"robots\" content=\"index, follow, max-snippet:-1, max-image-preview:large, max-video-preview:-1\" \/>\n<link rel=\"canonical\" href=\"https:\/\/goglobal.multilevel.network\/puertorico\/politica-de-privacidad\/\" \/>\n<meta property=\"og:locale\" content=\"es_ES\" \/>\n<meta property=\"og:type\" content=\"article\" \/>\n<meta property=\"og:title\" content=\"Pol\u00edtica de Privacidad - GO GLOBAL | REGISTRO | GOGLOBAL NETWORK | PUERTO RICO\" \/>\n<meta property=\"og:description\" content=\"[vc_row][vc_column][vc_row_inner][vc_column_inner width=\u00bb1\/3&#8243;][\/vc_column_inner][vc_column_inner width=\u00bb1\/3&#8243;][vc_single_image image=\u00bb4191&#8243; img_size=\u00bbmedium\u00bb][\/vc_column_inner][vc_column_inner width=\u00bb1\/3&#8243;][\/vc_column_inner][\/vc_row_inner][vc_column_text] Pol\u00edtica de Privacidad Quienes somos La direcci\u00f3n de nuestro sitio web es: https:\/\/goglobal.multilevel.network\/puertorico.\u00a0Somos un equipo de representantes que te orientamos para convertirte en cliente de GO GLOBAL a trav\u00e9s de esta p\u00e1gina.\u00a0Nuestro medio de contacto es a trav\u00e9s de este enlace\u00a0Cont\u00e1ctenos\u00a0\u00a0donde tendr\u00e1 todos los medios accesibles para contactarnos. Qu\u00e9 datos personales recopilamos y por qu\u00e9 Los datos personales que recabamos, tales como: Nombre Completo, Nacionalidad, Fecha de Nacimiento, Direcci\u00f3n Residencial Completa, N\u00famero de Casa, C\u00f3digo Postal, Tel\u00e9fono Celular, Su Ciudad, Su Estado, Su correo electr\u00f3nico, Cu\u00e1l es el DNI de la persona qui\u00e9n lo\u2026\" \/>\n<meta property=\"og:url\" content=\"https:\/\/goglobal.multilevel.network\/puertorico\/politica-de-privacidad\/\" \/>\n<meta property=\"og:site_name\" content=\"GO GLOBAL | REGISTRO | GOGLOBAL NETWORK | PUERTO RICO\" \/>\n<meta property=\"article:modified_time\" content=\"2023-02-15T11:10:55+00:00\" \/>\n<meta property=\"og:image\" content=\"https:\/\/goglobal.multilevel.network\/puertorico\/wp-content\/uploads\/2023\/02\/PAGE-COVER-PRIVACY-POLICY-GO-GLOBAL-NETWORK.jpg\" \/>\n\t<meta property=\"og:image:width\" content=\"1124\" \/>\n\t<meta property=\"og:image:height\" content=\"1124\" \/>\n\t<meta property=\"og:image:type\" content=\"image\/jpeg\" \/>\n<meta name=\"twitter:card\" content=\"summary_large_image\" \/>\n<meta name=\"twitter:label1\" content=\"Tiempo de lectura\" \/>\n\t<meta name=\"twitter:data1\" content=\"6 minutos\" \/>\n<script type=\"application\/ld+json\" class=\"yoast-schema-graph\">{\"@context\":\"https:\\\/\\\/schema.org\",\"@graph\":[{\"@type\":\"WebPage\",\"@id\":\"https:\\\/\\\/goglobal.multilevel.network\\\/puertorico\\\/politica-de-privacidad\\\/\",\"url\":\"https:\\\/\\\/goglobal.multilevel.network\\\/puertorico\\\/politica-de-privacidad\\\/\",\"name\":\"Pol\u00edtica de Privacidad - GO GLOBAL | REGISTRO | GOGLOBAL NETWORK | PUERTO RICO\",\"isPartOf\":{\"@id\":\"https:\\\/\\\/goglobal.multilevel.network\\\/puertorico\\\/#website\"},\"primaryImageOfPage\":{\"@id\":\"https:\\\/\\\/goglobal.multilevel.network\\\/puertorico\\\/politica-de-privacidad\\\/#primaryimage\"},\"image\":{\"@id\":\"https:\\\/\\\/goglobal.multilevel.network\\\/puertorico\\\/politica-de-privacidad\\\/#primaryimage\"},\"thumbnailUrl\":\"https:\\\/\\\/goglobal.multilevel.network\\\/puertorico\\\/wp-content\\\/uploads\\\/2023\\\/02\\\/PAGE-COVER-PRIVACY-POLICY-GO-GLOBAL-NETWORK.jpg\",\"datePublished\":\"2023-02-13T16:43:13+00:00\",\"dateModified\":\"2023-02-15T11:10:55+00:00\",\"breadcrumb\":{\"@id\":\"https:\\\/\\\/goglobal.multilevel.network\\\/puertorico\\\/politica-de-privacidad\\\/#breadcrumb\"},\"inLanguage\":\"es-PR\",\"potentialAction\":[{\"@type\":\"ReadAction\",\"target\":[\"https:\\\/\\\/goglobal.multilevel.network\\\/puertorico\\\/politica-de-privacidad\\\/\"]}]},{\"@type\":\"ImageObject\",\"inLanguage\":\"es-PR\",\"@id\":\"https:\\\/\\\/goglobal.multilevel.network\\\/puertorico\\\/politica-de-privacidad\\\/#primaryimage\",\"url\":\"https:\\\/\\\/goglobal.multilevel.network\\\/puertorico\\\/wp-content\\\/uploads\\\/2023\\\/02\\\/PAGE-COVER-PRIVACY-POLICY-GO-GLOBAL-NETWORK.jpg\",\"contentUrl\":\"https:\\\/\\\/goglobal.multilevel.network\\\/puertorico\\\/wp-content\\\/uploads\\\/2023\\\/02\\\/PAGE-COVER-PRIVACY-POLICY-GO-GLOBAL-NETWORK.jpg\",\"width\":1124,\"height\":1124,\"caption\":\"PAGE COVER PRIVACY POLICY GO GLOBAL NETWORK\"},{\"@type\":\"BreadcrumbList\",\"@id\":\"https:\\\/\\\/goglobal.multilevel.network\\\/puertorico\\\/politica-de-privacidad\\\/#breadcrumb\",\"itemListElement\":[{\"@type\":\"ListItem\",\"position\":1,\"name\":\"Home\",\"item\":\"https:\\\/\\\/goglobal.multilevel.network\\\/puertorico\\\/\"},{\"@type\":\"ListItem\",\"position\":2,\"name\":\"Pol\u00edtica de Privacidad\"}]},{\"@type\":\"WebSite\",\"@id\":\"https:\\\/\\\/goglobal.multilevel.network\\\/puertorico\\\/#website\",\"url\":\"https:\\\/\\\/goglobal.multilevel.network\\\/puertorico\\\/\",\"name\":\"GO GLOBAL | REGISTRO | GOGLOBAL NETWORK | PUERTO RICO\",\"description\":\"GO GLOBAL Registro | Puerto Rico | Gana ingresos residuales con productos educativos en el modelo de Marketing Multinivel GOGLOBAL NETWORK\",\"publisher\":{\"@id\":\"https:\\\/\\\/goglobal.multilevel.network\\\/puertorico\\\/#organization\"},\"potentialAction\":[{\"@type\":\"SearchAction\",\"target\":{\"@type\":\"EntryPoint\",\"urlTemplate\":\"https:\\\/\\\/goglobal.multilevel.network\\\/puertorico\\\/?s={search_term_string}\"},\"query-input\":{\"@type\":\"PropertyValueSpecification\",\"valueRequired\":true,\"valueName\":\"search_term_string\"}}],\"inLanguage\":\"es-PR\"},{\"@type\":\"Organization\",\"@id\":\"https:\\\/\\\/goglobal.multilevel.network\\\/puertorico\\\/#organization\",\"name\":\"GO GLOBAL | REGISTRO | GOGLOBAL NETWORK | PUERTO RICO\",\"url\":\"https:\\\/\\\/goglobal.multilevel.network\\\/puertorico\\\/\",\"logo\":{\"@type\":\"ImageObject\",\"inLanguage\":\"es-PR\",\"@id\":\"https:\\\/\\\/goglobal.multilevel.network\\\/puertorico\\\/#\\\/schema\\\/logo\\\/image\\\/\",\"url\":\"https:\\\/\\\/goglobal.multilevel.network\\\/puertorico\\\/wp-content\\\/uploads\\\/2023\\\/02\\\/logo-goglobal-multilevel-network-1.png\",\"contentUrl\":\"https:\\\/\\\/goglobal.multilevel.network\\\/puertorico\\\/wp-content\\\/uploads\\\/2023\\\/02\\\/logo-goglobal-multilevel-network-1.png\",\"width\":2700,\"height\":693,\"caption\":\"GO GLOBAL | REGISTRO | GOGLOBAL NETWORK | PUERTO RICO\"},\"image\":{\"@id\":\"https:\\\/\\\/goglobal.multilevel.network\\\/puertorico\\\/#\\\/schema\\\/logo\\\/image\\\/\"}}]}<\/script>\n<!-- \/ Yoast SEO plugin. -->","yoast_head_json":{"title":"Pol\u00edtica de Privacidad - GO GLOBAL | REGISTRO | GOGLOBAL NETWORK | PUERTO RICO","robots":{"index":"index","follow":"follow","max-snippet":"max-snippet:-1","max-image-preview":"max-image-preview:large","max-video-preview":"max-video-preview:-1"},"canonical":"https:\/\/goglobal.multilevel.network\/puertorico\/politica-de-privacidad\/","og_locale":"es_ES","og_type":"article","og_title":"Pol\u00edtica de Privacidad - GO GLOBAL | REGISTRO | GOGLOBAL NETWORK | PUERTO RICO","og_description":"[vc_row][vc_column][vc_row_inner][vc_column_inner width=\u00bb1\/3&#8243;][\/vc_column_inner][vc_column_inner width=\u00bb1\/3&#8243;][vc_single_image image=\u00bb4191&#8243; img_size=\u00bbmedium\u00bb][\/vc_column_inner][vc_column_inner width=\u00bb1\/3&#8243;][\/vc_column_inner][\/vc_row_inner][vc_column_text] Pol\u00edtica de Privacidad Quienes somos La direcci\u00f3n de nuestro sitio web es: https:\/\/goglobal.multilevel.network\/puertorico.\u00a0Somos un equipo de representantes que te orientamos para convertirte en cliente de GO GLOBAL a trav\u00e9s de esta p\u00e1gina.\u00a0Nuestro medio de contacto es a trav\u00e9s de este enlace\u00a0Cont\u00e1ctenos\u00a0\u00a0donde tendr\u00e1 todos los medios accesibles para contactarnos. Qu\u00e9 datos personales recopilamos y por qu\u00e9 Los datos personales que recabamos, tales como: Nombre Completo, Nacionalidad, Fecha de Nacimiento, Direcci\u00f3n Residencial Completa, N\u00famero de Casa, C\u00f3digo Postal, Tel\u00e9fono Celular, Su Ciudad, Su Estado, Su correo electr\u00f3nico, Cu\u00e1l es el DNI de la persona qui\u00e9n lo\u2026","og_url":"https:\/\/goglobal.multilevel.network\/puertorico\/politica-de-privacidad\/","og_site_name":"GO GLOBAL | REGISTRO | GOGLOBAL NETWORK | PUERTO RICO","article_modified_time":"2023-02-15T11:10:55+00:00","og_image":[{"width":1124,"height":1124,"url":"https:\/\/goglobal.multilevel.network\/puertorico\/wp-content\/uploads\/2023\/02\/PAGE-COVER-PRIVACY-POLICY-GO-GLOBAL-NETWORK.jpg","type":"image\/jpeg"}],"twitter_card":"summary_large_image","twitter_misc":{"Tiempo de lectura":"6 minutos"},"schema":{"@context":"https:\/\/schema.org","@graph":[{"@type":"WebPage","@id":"https:\/\/goglobal.multilevel.network\/puertorico\/politica-de-privacidad\/","url":"https:\/\/goglobal.multilevel.network\/puertorico\/politica-de-privacidad\/","name":"Pol\u00edtica de Privacidad - GO GLOBAL | REGISTRO | GOGLOBAL NETWORK | PUERTO RICO","isPartOf":{"@id":"https:\/\/goglobal.multilevel.network\/puertorico\/#website"},"primaryImageOfPage":{"@id":"https:\/\/goglobal.multilevel.network\/puertorico\/politica-de-privacidad\/#primaryimage"},"image":{"@id":"https:\/\/goglobal.multilevel.network\/puertorico\/politica-de-privacidad\/#primaryimage"},"thumbnailUrl":"https:\/\/goglobal.multilevel.network\/puertorico\/wp-content\/uploads\/2023\/02\/PAGE-COVER-PRIVACY-POLICY-GO-GLOBAL-NETWORK.jpg","datePublished":"2023-02-13T16:43:13+00:00","dateModified":"2023-02-15T11:10:55+00:00","breadcrumb":{"@id":"https:\/\/goglobal.multilevel.network\/puertorico\/politica-de-privacidad\/#breadcrumb"},"inLanguage":"es-PR","potentialAction":[{"@type":"ReadAction","target":["https:\/\/goglobal.multilevel.network\/puertorico\/politica-de-privacidad\/"]}]},{"@type":"ImageObject","inLanguage":"es-PR","@id":"https:\/\/goglobal.multilevel.network\/puertorico\/politica-de-privacidad\/#primaryimage","url":"https:\/\/goglobal.multilevel.network\/puertorico\/wp-content\/uploads\/2023\/02\/PAGE-COVER-PRIVACY-POLICY-GO-GLOBAL-NETWORK.jpg","contentUrl":"https:\/\/goglobal.multilevel.network\/puertorico\/wp-content\/uploads\/2023\/02\/PAGE-COVER-PRIVACY-POLICY-GO-GLOBAL-NETWORK.jpg","width":1124,"height":1124,"caption":"PAGE COVER PRIVACY POLICY GO GLOBAL NETWORK"},{"@type":"BreadcrumbList","@id":"https:\/\/goglobal.multilevel.network\/puertorico\/politica-de-privacidad\/#breadcrumb","itemListElement":[{"@type":"ListItem","position":1,"name":"Home","item":"https:\/\/goglobal.multilevel.network\/puertorico\/"},{"@type":"ListItem","position":2,"name":"Pol\u00edtica de Privacidad"}]},{"@type":"WebSite","@id":"https:\/\/goglobal.multilevel.network\/puertorico\/#website","url":"https:\/\/goglobal.multilevel.network\/puertorico\/","name":"GO GLOBAL | REGISTRO | GOGLOBAL NETWORK | PUERTO RICO","description":"GO GLOBAL Registro | Puerto Rico | Gana ingresos residuales con productos educativos en el modelo de Marketing Multinivel GOGLOBAL NETWORK","publisher":{"@id":"https:\/\/goglobal.multilevel.network\/puertorico\/#organization"},"potentialAction":[{"@type":"SearchAction","target":{"@type":"EntryPoint","urlTemplate":"https:\/\/goglobal.multilevel.network\/puertorico\/?s={search_term_string}"},"query-input":{"@type":"PropertyValueSpecification","valueRequired":true,"valueName":"search_term_string"}}],"inLanguage":"es-PR"},{"@type":"Organization","@id":"https:\/\/goglobal.multilevel.network\/puertorico\/#organization","name":"GO GLOBAL | REGISTRO | GOGLOBAL NETWORK | PUERTO RICO","url":"https:\/\/goglobal.multilevel.network\/puertorico\/","logo":{"@type":"ImageObject","inLanguage":"es-PR","@id":"https:\/\/goglobal.multilevel.network\/puertorico\/#\/schema\/logo\/image\/","url":"https:\/\/goglobal.multilevel.network\/puertorico\/wp-content\/uploads\/2023\/02\/logo-goglobal-multilevel-network-1.png","contentUrl":"https:\/\/goglobal.multilevel.network\/puertorico\/wp-content\/uploads\/2023\/02\/logo-goglobal-multilevel-network-1.png","width":2700,"height":693,"caption":"GO GLOBAL | REGISTRO | GOGLOBAL NETWORK | PUERTO RICO"},"image":{"@id":"https:\/\/goglobal.multilevel.network\/puertorico\/#\/schema\/logo\/image\/"}}]}},"_links":{"self":[{"href":"https:\/\/goglobal.multilevel.network\/puertorico\/wp-json\/wp\/v2\/pages\/3482","targetHints":{"allow":["GET"]}}],"collection":[{"href":"https:\/\/goglobal.multilevel.network\/puertorico\/wp-json\/wp\/v2\/pages"}],"about":[{"href":"https:\/\/goglobal.multilevel.network\/puertorico\/wp-json\/wp\/v2\/types\/page"}],"author":[{"embeddable":true,"href":"https:\/\/goglobal.multilevel.network\/puertorico\/wp-json\/wp\/v2\/users\/1"}],"replies":[{"embeddable":true,"href":"https:\/\/goglobal.multilevel.network\/puertorico\/wp-json\/wp\/v2\/comments?post=3482"}],"version-history":[{"count":12,"href":"https:\/\/goglobal.multilevel.network\/puertorico\/wp-json\/wp\/v2\/pages\/3482\/revisions"}],"predecessor-version":[{"id":4274,"href":"https:\/\/goglobal.multilevel.network\/puertorico\/wp-json\/wp\/v2\/pages\/3482\/revisions\/4274"}],"wp:featuredmedia":[{"embeddable":true,"href":"https:\/\/goglobal.multilevel.network\/puertorico\/wp-json\/wp\/v2\/media\/4192"}],"wp:attachment":[{"href":"https:\/\/goglobal.multilevel.network\/puertorico\/wp-json\/wp\/v2\/media?parent=3482"}],"wp:term":[{"taxonomy":"post_tag","embeddable":true,"href":"https:\/\/goglobal.multilevel.network\/puertorico\/wp-json\/wp\/v2\/tags?post=3482"}],"curies":[{"name":"wp","href":"https:\/\/api.w.org\/{rel}","templated":true}]}}